{"id":5753,"date":"2025-12-22T20:19:44","date_gmt":"2025-12-22T20:19:44","guid":{"rendered":"https:\/\/semillanuevstg.wpenginepowered.com\/?page_id=5753"},"modified":"2026-02-07T01:17:54","modified_gmt":"2026-02-07T01:17:54","slug":"scale","status":"publish","type":"page","link":"https:\/\/semillanueva.org\/es\/scale\/","title":{"rendered":"Escala"},"content":{"rendered":"<h1>\n\t\t\tEstrategia de escalado\t<\/h1>\n<figure itemscope itemtype=\"https:\/\/schema.org\/ImageObject\">\n\t\t\t\t<img decoding=\"async\" data-src=\"https:\/\/semillanueva.org\/wp-content\/uploads\/2026\/02\/S-curve-graphs-to-1B-scaled.png\" alt=\"S curve graphs to 1B\" height=\"2044\" width=\"2560\" title=\"Gr\u00e1ficos de curva en S a 1B\" onerror=\"this.style.display='none'\" src=\"data:image\/svg+xml;base64,PHN2ZyB3aWR0aD0iMSIgaGVpZ2h0PSIxIiB4bWxucz0iaHR0cDovL3d3dy53My5vcmcvMjAwMC9zdmciPjwvc3ZnPg==\" class=\"lazyload\" style=\"--smush-placeholder-width: 2560px; --smush-placeholder-aspect-ratio: 2560\/2044;\" \/>\n\t<\/figure>\n<h2>\n\t\t\tNuestro objetivo: 1000 millones de personas\t<\/h2>\n\t<p>Para llegar a mil millones de personas con un ma\u00edz de mejor calidad, estamos utilizando tres estrategias.<\/p>\n\tCentroam\u00e9rica: Ayudar a los gobiernos a ampliar las subvenciones<br \/>\n<strong>10 millones de personas mejor alimentadas para 2030<\/strong>\n\u00c1frica subsahariana: Cultivo de semillas biofortificadas para ONG locales.<br \/>\n<strong>100 millones de personas mejor alimentadas para 2035<\/strong>\nGlobal: Utilizar la edici\u00f3n gen\u00e9tica para reducir los costos de cr\u00eda en un 90 %.<br \/>\n<strong>Nuestro objetivo ambicioso: 1000 millones de personas para 2045.<\/strong>\n<h2  id=\"subsidies-in-central-america\">\n\t\t\tSubvenciones en Centroam\u00e9rica\t<\/h2>\n\t<p>Objetivo para 2030: alimentar a 10 millones de personas.<\/p>\n\t<p>Comenzamos en Guatemala, donde el ma\u00edz es fundamental en la vida cotidiana y las tasas de desnutrici\u00f3n se encuentran entre las m\u00e1s altas del mundo.<\/p>\n<p>Nuestro modelo de subsidios basado en el mercado muestra que:<\/p>\n<ul>\n<li>Las semillas biofortificadas pueden cultivarse a partir de los h\u00edbridos de mayor rendimiento.<\/li>\n<li>Los agricultores los adoptan a gran escala cuando son asequibles.<\/li>\n<li>Los gobiernos pueden mantener programas a largo plazo que hagan que las semillas biofortificadas est\u00e9n ampliamente disponibles.<\/li>\n<\/ul>\n\t\t\t<a href=\"https:\/\/docs.google.com\/document\/d\/1ea_PxMwHG1ovCM6CxikQKMbNMvf0zjFo\/edit?pli=1\"  target=\"_blank\" rel=\"noopener\">\n\t\t\t\t\t\t\tLeer la nota conceptual\n\t\t\t\t\t<\/a>\n<h2  id=\"partners-in-africa\">\n\t\t\tSocios en \u00c1frica\t<\/h2>\n\t<p>Objetivo para 2035: alimentar a 100 millones de personas.<\/p>\n\t<p>\u00c1frica tiene:<\/p>\n<figure itemscope itemtype=\"https:\/\/schema.org\/ImageObject\">\n\t\t\t\t<img decoding=\"async\" data-src=\"https:\/\/semillanueva.org\/wp-content\/uploads\/2025\/12\/Group-23.png\" alt=\"Group 23\" height=\"291\" width=\"1128\" title=\"Grupo 23\" onerror=\"this.style.display='none'\" src=\"data:image\/svg+xml;base64,PHN2ZyB3aWR0aD0iMSIgaGVpZ2h0PSIxIiB4bWxucz0iaHR0cDovL3d3dy53My5vcmcvMjAwMC9zdmciPjwvc3ZnPg==\" class=\"lazyload\" style=\"--smush-placeholder-width: 1128px; --smush-placeholder-aspect-ratio: 1128\/291;\" \/>\n\t<\/figure>\n\t<p>Nuestra estrategia:<\/p>\n\t<ul>\n<li>Colaborar con programas que ya suministran semillas a personas con bajos ingresos.<br \/>\nagricultores (ONG, empresas sociales, gobiernos).<\/li>\n<li>Las semillas favoritas de los agricultores de Biofortify y las variedades m\u00e1s nuevas de alto rendimiento.<\/li>\n<li>Apoyar a los socios en la producci\u00f3n, comercializaci\u00f3n y supervisi\u00f3n.<\/li>\n<\/ul>\n\t\t\t<a href=\"https:\/\/docs.google.com\/document\/d\/1pzNObsYZS2nB-LN31erZqiTMiS3irrda\/edit?usp=sharing&#038;ouid=108069896888334128934&#038;rtpof=true&#038;sd=true\"  target=\"_blank\" rel=\"noopener\">\n\t\t\t\t\t\t\tLeer la nota conceptual\n\t\t\t\t\t<\/a>\n<h2  id=\"gene-editing\">\n\t\t\tEdici\u00f3n gen\u00e9tica\t<\/h2>\n\t<p>Visi\u00f3n para 2045: 1000 millones de personas con una mejor nutrici\u00f3n<\/p>\n\t<p>Las nuevas herramientas de edici\u00f3n gen\u00e9tica podr\u00edan reducir tanto los costos de la biofortificaci\u00f3n de nuevas semillas que las pol\u00edticas de los gobiernos y los desarrolladores de semillas podr\u00edan convertir la biofortificaci\u00f3n en la norma en los pa\u00edses con problemas de desnutrici\u00f3n.<\/p>\n<p>Actualmente somos:<\/p>\n<ul>\n<li>Desarrollo de modificaciones gen\u00e9ticas no transg\u00e9nicas que mejoran la nutrici\u00f3n sin reducir el rendimiento.<\/li>\n<li>Apoyar los esfuerzos de los pa\u00edses para crear marcos normativos para los cultivos modificados gen\u00e9ticamente.<\/li>\n<li>Exploraci\u00f3n de la edici\u00f3n gen\u00e9tica para la biofortificaci\u00f3n en otros cultivos.<\/li>\n<\/ul>\n<p>No tenemos un plan infalible para los pr\u00f3ximos 20 a\u00f1os. Pero creemos que los alimentos biofortificados podr\u00edan llegar a ser tan comunes como la harina fortificada o la sal yodada, y que una combinaci\u00f3n de diferentes estrategias podr\u00eda permitirnos llegar a m\u00e1s de mil millones de personas.<\/p>\n\t\t\t<a href=\"\"  target=\"_self\">\n\t\t\t\t\t\t\tNota conceptual pr\u00f3ximamente\n\t\t\t\t\t<\/a>","protected":false},"excerpt":{"rendered":"<p>Estrategia de ampliaci\u00f3n Nuestro objetivo: 1000 millones de personas Para llegar a 1000 millones de personas con un ma\u00edz de mejor calidad, estamos utilizando tres estrategias. Centroam\u00e9rica: ayudar a los gobiernos a ampliar las subvenciones. 10 millones de personas mejor alimentadas para 2030. \u00c1frica subsahariana: cultivar semillas biofortificadas para ONG locales. 100 millones de personas mejor alimentadas para 2035. A nivel mundial: utilizar la edici\u00f3n gen\u00e9tica para reducir los costos de cultivo en un 90 %. % Nuestro gran reto...<\/p>","protected":false},"author":9,"featured_media":0,"parent":0,"menu_order":0,"comment_status":"closed","ping_status":"closed","template":"","meta":{"_acf_changed":false,"footnotes":""},"class_list":["post-5753","page","type-page","status-publish","hentry"],"acf":[],"yoast_head":"<!-- This site is optimized with the Yoast SEO plugin v27.4 - https:\/\/yoast.com\/product\/yoast-seo-wordpress\/ -->\n<title>Scale - New Seed<\/title>\n<meta name=\"robots\" content=\"index, follow, max-snippet:-1, max-image-preview:large, max-video-preview:-1\" \/>\n<link rel=\"canonical\" href=\"https:\/\/semillanueva.org\/es\/scale\/\" \/>\n<meta property=\"og:locale\" content=\"es_ES\" \/>\n<meta property=\"og:type\" content=\"article\" \/>\n<meta property=\"og:title\" content=\"Scale - New Seed\" \/>\n<meta property=\"og:description\" content=\"Scaling strategy Our Goal: 1B People To reach 1 billion people with better corn, we are using three strategies. Central America: Help governments scale subsidies 10M better nourished by 2030 Sub-Saharan Africa: Breed biofortified seeds for local NGOs 100M better nourished by 2035 Global: Use gene editing to cut breeding costs by 90% Our moonshot&hellip;\" \/>\n<meta property=\"og:url\" content=\"https:\/\/semillanueva.org\/es\/scale\/\" \/>\n<meta property=\"og:site_name\" content=\"New Seed\" \/>\n<meta property=\"article:modified_time\" content=\"2026-02-07T01:17:54+00:00\" \/>\n<meta property=\"og:image\" content=\"https:\/\/semillanueva.org\/wp-content\/uploads\/2026\/02\/S-curve-graphs-to-1B-scaled.png\" \/>\n<meta name=\"twitter:card\" content=\"summary_large_image\" \/>\n<script type=\"application\/ld+json\" class=\"yoast-schema-graph\">{\"@context\":\"https:\\\/\\\/schema.org\",\"@graph\":[{\"@type\":\"WebPage\",\"@id\":\"https:\\\/\\\/semillanueva.org\\\/scale\\\/\",\"url\":\"https:\\\/\\\/semillanueva.org\\\/scale\\\/\",\"name\":\"Scale - New Seed\",\"isPartOf\":{\"@id\":\"https:\\\/\\\/semillanueva.org\\\/#website\"},\"primaryImageOfPage\":{\"@id\":\"https:\\\/\\\/semillanueva.org\\\/scale\\\/#primaryimage\"},\"image\":{\"@id\":\"https:\\\/\\\/semillanueva.org\\\/scale\\\/#primaryimage\"},\"thumbnailUrl\":\"https:\\\/\\\/semillanueva.org\\\/wp-content\\\/uploads\\\/2026\\\/02\\\/S-curve-graphs-to-1B-scaled.png\",\"datePublished\":\"2025-12-22T20:19:44+00:00\",\"dateModified\":\"2026-02-07T01:17:54+00:00\",\"breadcrumb\":{\"@id\":\"https:\\\/\\\/semillanueva.org\\\/scale\\\/#breadcrumb\"},\"inLanguage\":\"es\",\"potentialAction\":[{\"@type\":\"ReadAction\",\"target\":[\"https:\\\/\\\/semillanueva.org\\\/scale\\\/\"]}]},{\"@type\":\"ImageObject\",\"inLanguage\":\"es\",\"@id\":\"https:\\\/\\\/semillanueva.org\\\/scale\\\/#primaryimage\",\"url\":\"https:\\\/\\\/semillanueva.org\\\/wp-content\\\/uploads\\\/2026\\\/02\\\/S-curve-graphs-to-1B-scaled.png\",\"contentUrl\":\"https:\\\/\\\/semillanueva.org\\\/wp-content\\\/uploads\\\/2026\\\/02\\\/S-curve-graphs-to-1B-scaled.png\"},{\"@type\":\"BreadcrumbList\",\"@id\":\"https:\\\/\\\/semillanueva.org\\\/scale\\\/#breadcrumb\",\"itemListElement\":[{\"@type\":\"ListItem\",\"position\":1,\"name\":\"Home\",\"item\":\"https:\\\/\\\/semillanueva.org\\\/\"},{\"@type\":\"ListItem\",\"position\":2,\"name\":\"Scale\"}]},{\"@type\":\"WebSite\",\"@id\":\"https:\\\/\\\/semillanueva.org\\\/#website\",\"url\":\"https:\\\/\\\/semillanueva.org\\\/\",\"name\":\"New Seed\",\"description\":\"New Seed fights malnutrition and poverty with better corn.\",\"potentialAction\":[{\"@type\":\"SearchAction\",\"target\":{\"@type\":\"EntryPoint\",\"urlTemplate\":\"https:\\\/\\\/semillanueva.org\\\/?s={search_term_string}\"},\"query-input\":{\"@type\":\"PropertyValueSpecification\",\"valueRequired\":true,\"valueName\":\"search_term_string\"}}],\"inLanguage\":\"es\"}]}<\/script>\n<!-- \/ Yoast SEO plugin. -->","yoast_head_json":{"title":"Escala - Nueva semilla","robots":{"index":"index","follow":"follow","max-snippet":"max-snippet:-1","max-image-preview":"max-image-preview:large","max-video-preview":"max-video-preview:-1"},"canonical":"https:\/\/semillanueva.org\/es\/scale\/","og_locale":"es_ES","og_type":"article","og_title":"Scale - New Seed","og_description":"Scaling strategy Our Goal: 1B People To reach 1 billion people with better corn, we are using three strategies. Central America: Help governments scale subsidies 10M better nourished by 2030 Sub-Saharan Africa: Breed biofortified seeds for local NGOs 100M better nourished by 2035 Global: Use gene editing to cut breeding costs by 90% Our moonshot&hellip;","og_url":"https:\/\/semillanueva.org\/es\/scale\/","og_site_name":"New Seed","article_modified_time":"2026-02-07T01:17:54+00:00","og_image":[{"url":"https:\/\/semillanueva.org\/wp-content\/uploads\/2026\/02\/S-curve-graphs-to-1B-scaled.png","type":"","width":"","height":""}],"twitter_card":"summary_large_image","schema":{"@context":"https:\/\/schema.org","@graph":[{"@type":"WebPage","@id":"https:\/\/semillanueva.org\/scale\/","url":"https:\/\/semillanueva.org\/scale\/","name":"Escala - Nueva semilla","isPartOf":{"@id":"https:\/\/semillanueva.org\/#website"},"primaryImageOfPage":{"@id":"https:\/\/semillanueva.org\/scale\/#primaryimage"},"image":{"@id":"https:\/\/semillanueva.org\/scale\/#primaryimage"},"thumbnailUrl":"https:\/\/semillanueva.org\/wp-content\/uploads\/2026\/02\/S-curve-graphs-to-1B-scaled.png","datePublished":"2025-12-22T20:19:44+00:00","dateModified":"2026-02-07T01:17:54+00:00","breadcrumb":{"@id":"https:\/\/semillanueva.org\/scale\/#breadcrumb"},"inLanguage":"es","potentialAction":[{"@type":"ReadAction","target":["https:\/\/semillanueva.org\/scale\/"]}]},{"@type":"ImageObject","inLanguage":"es","@id":"https:\/\/semillanueva.org\/scale\/#primaryimage","url":"https:\/\/semillanueva.org\/wp-content\/uploads\/2026\/02\/S-curve-graphs-to-1B-scaled.png","contentUrl":"https:\/\/semillanueva.org\/wp-content\/uploads\/2026\/02\/S-curve-graphs-to-1B-scaled.png"},{"@type":"BreadcrumbList","@id":"https:\/\/semillanueva.org\/scale\/#breadcrumb","itemListElement":[{"@type":"ListItem","position":1,"name":"Home","item":"https:\/\/semillanueva.org\/"},{"@type":"ListItem","position":2,"name":"Scale"}]},{"@type":"WebSite","@id":"https:\/\/semillanueva.org\/#website","url":"https:\/\/semillanueva.org\/","name":"Semilla nueva","description":"New Seed combate la desnutrici\u00f3n y la pobreza con un ma\u00edz mejorado.","potentialAction":[{"@type":"SearchAction","target":{"@type":"EntryPoint","urlTemplate":"https:\/\/semillanueva.org\/?s={search_term_string}"},"query-input":{"@type":"PropertyValueSpecification","valueRequired":true,"valueName":"search_term_string"}}],"inLanguage":"es"}]}},"_links":{"self":[{"href":"https:\/\/semillanueva.org\/es\/wp-json\/wp\/v2\/pages\/5753","targetHints":{"allow":["GET"]}}],"collection":[{"href":"https:\/\/semillanueva.org\/es\/wp-json\/wp\/v2\/pages"}],"about":[{"href":"https:\/\/semillanueva.org\/es\/wp-json\/wp\/v2\/types\/page"}],"author":[{"embeddable":true,"href":"https:\/\/semillanueva.org\/es\/wp-json\/wp\/v2\/users\/9"}],"replies":[{"embeddable":true,"href":"https:\/\/semillanueva.org\/es\/wp-json\/wp\/v2\/comments?post=5753"}],"version-history":[{"count":0,"href":"https:\/\/semillanueva.org\/es\/wp-json\/wp\/v2\/pages\/5753\/revisions"}],"wp:attachment":[{"href":"https:\/\/semillanueva.org\/es\/wp-json\/wp\/v2\/media?parent=5753"}],"curies":[{"name":"wp","href":"https:\/\/api.w.org\/{rel}","templated":true}]}}