{"id":5752,"date":"2025-12-22T20:19:27","date_gmt":"2025-12-22T20:19:27","guid":{"rendered":"https:\/\/semillanuevstg.wpenginepowered.com\/?page_id=5752"},"modified":"2026-02-07T00:04:19","modified_gmt":"2026-02-07T00:04:19","slug":"focus-areas","status":"publish","type":"page","link":"https:\/\/semillanueva.org\/es\/focus-areas\/","title":{"rendered":"\u00c1reas de inter\u00e9s"},"content":{"rendered":"<h1>\n\t\t\t\u00c1reas de inter\u00e9s\t<\/h1>\n<figure itemscope itemtype=\"https:\/\/schema.org\/ImageObject\">\n\t\t\t\t<img decoding=\"async\" data-src=\"https:\/\/semillanueva.org\/wp-content\/uploads\/2026\/01\/SN-9016-scaled-e1769113151305.jpg\" alt=\"SN-9016\" height=\"1122\" width=\"2560\" title=\"SN-9016\" onerror=\"this.style.display='none'\" src=\"data:image\/svg+xml;base64,PHN2ZyB3aWR0aD0iMSIgaGVpZ2h0PSIxIiB4bWxucz0iaHR0cDovL3d3dy53My5vcmcvMjAwMC9zdmciPjwvc3ZnPg==\" class=\"lazyload\" style=\"--smush-placeholder-width: 2560px; --smush-placeholder-aspect-ratio: 2560\/1122;\" \/>\n\t<\/figure>\n<h2>\n\t\t\tNutrici\u00f3n y salud\t<\/h2>\n\t<p><strong>La desnutrici\u00f3n es la principal causa de mortalidad infantil.<\/strong><\/p>\n<p>Las familias de bajos ingresos dependen del ma\u00edz porque es barato, pero carece de nutrientes esenciales. Esto provoca retrasos en el crecimiento, deterioro cognitivo, enfermedades y p\u00e9rdidas de ingresos de por vida que mantienen a las comunidades atrapadas en la pobreza.<\/p>\n\t<p><strong>En lugar de cambiar la alimentaci\u00f3n, mejoramos el ma\u00edz en s\u00ed.<\/strong><\/p>\n<p>Nuestro ma\u00edz biofortificado contiene 391 TP3T m\u00e1s de zinc, 191 TP3T m\u00e1s de hierro y entre 30 y 801 TP3T m\u00e1s de lisina y tript\u00f3fano (prote\u00ednas de alta calidad).<\/p>\n<p><strong>Se ha demostrado en ensayos controlados aleatorios internos y externos que el ma\u00edz biofortificado mejora la salud y el crecimiento de los ni\u00f1os.&nbsp;<\/strong><\/p>\n\t\t\t<a href=\"https:\/\/semillanueva.org\/es\/evidence\/#nutrition\"  target=\"_blank\" rel=\"noopener\">\n\t\t\t\t\t\t\tConsulte nuestra evidencia nutricional\n\t\t\t\t\t<\/a>\n<figure itemscope itemtype=\"https:\/\/schema.org\/ImageObject\">\n\t\t\t\t<img decoding=\"async\" data-src=\"https:\/\/semillanueva.org\/wp-content\/uploads\/2026\/01\/IMG_5970-scaled-e1769114067938.jpg\" alt=\"IMG_5970\" height=\"1097\" width=\"2556\" title=\"IMG_5970\" onerror=\"this.style.display='none'\" src=\"data:image\/svg+xml;base64,PHN2ZyB3aWR0aD0iMSIgaGVpZ2h0PSIxIiB4bWxucz0iaHR0cDovL3d3dy53My5vcmcvMjAwMC9zdmciPjwvc3ZnPg==\" class=\"lazyload\" style=\"--smush-placeholder-width: 2556px; --smush-placeholder-aspect-ratio: 2556\/1097;\" \/>\n\t<\/figure>\n<h2>\n\t\t\tMedios de Vida\t<\/h2>\n\t<p><strong>Los peque\u00f1os productores de ma\u00edz se encuentran entre los m\u00e1s pobres de Am\u00e9rica Latina y \u00c1frica subsahariana.<\/strong><\/p>\n<p>Las semillas de alto rendimiento y resistentes al clima pueden duplicar con creces los ingresos, pero los agricultores que m\u00e1s las necesitan a menudo no pueden pagarlas.<\/p>\n<p>Cambiar a nuestras semillas puede mejorar el rendimiento de los agricultores entre un 17 % y un 251 %, incluso si contin\u00faan con sus pr\u00e1cticas agr\u00edcolas habituales.<\/p>\n\t<p><strong>Nuestros programas y alianzas mejoraron el acceso a semillas, de modo que los agricultores m\u00e1s pobres puedan adquirirlas.<\/strong><\/p>\n<p>Nuestros agricultores suelen pasar de producir menos de lo que necesitan para alimentar a sus familias a producir lo suficiente como para vender el excedente en el mercado.<\/p>\n<p><strong>En 2024, los agricultores guatemaltecos que compraron nuestras semillas pagaron un promedio de ~$25 por ellas y aumentaron sus ganancias en un $190.<\/strong><\/p>\n\t\t\t<a href=\"https:\/\/semillanueva.org\/es\/evidence\/#livelihoods\"  target=\"_blank\" rel=\"noopener\">\n\t\t\t\t\t\t\tVea nuestras pruebas sobre medios de vida\n\t\t\t\t\t<\/a>\n<figure itemscope itemtype=\"https:\/\/schema.org\/ImageObject\">\n\t\t\t\t<img decoding=\"async\" data-src=\"https:\/\/semillanueva.org\/wp-content\/uploads\/2026\/01\/SN-6534-e1769113516536.jpg\" alt=\"SN-6534\" height=\"733\" width=\"2200\" title=\"SN-6534\" onerror=\"this.style.display='none'\" src=\"data:image\/svg+xml;base64,PHN2ZyB3aWR0aD0iMSIgaGVpZ2h0PSIxIiB4bWxucz0iaHR0cDovL3d3dy53My5vcmcvMjAwMC9zdmciPjwvc3ZnPg==\" class=\"lazyload\" style=\"--smush-placeholder-width: 2200px; --smush-placeholder-aspect-ratio: 2200\/733;\" \/>\n\t<\/figure>\n<h2>\n\t\t\tResiliencia clim\u00e1tica\t<\/h2>\n\t<p><strong>Los peque\u00f1os agricultores son extremadamente vulnerables al cambio clim\u00e1tico.<\/strong><\/p>\n<p>En 2022, 56% de los agricultores encuestados perdieron sus cosechas debido a tormentas extremas y 29% debido a la sequ\u00eda, lo que alimenta la pobreza y la migraci\u00f3n. A medida que aumentan los niveles de CO2, el ma\u00edz se vuelve menos nutritivo, lo que contribuye a\u00fan m\u00e1s a la desnutrici\u00f3n.<\/p>\n\t<p><strong>Desarrollamos nuestras semillas para que sean las m\u00e1s resistentes a las tormentas, las sequ\u00edas y las nuevas enfermedades y plagas.\u00a0<\/strong><\/p>\n<p>Comenzamos con semillas que ya son resistentes al clima y las probamos en los entornos m\u00e1s extremos de Guatemala, lanzando al mercado solo las mejores y m\u00e1s nutritivas.<\/p>\n<p><strong>Los agricultores que utilizan nuestras semillas obtienen ingresos entre tres y cinco veces superiores en \u00e9pocas de sequ\u00eda y tormentas.<\/strong><\/p>","protected":false},"excerpt":{"rendered":"<p>\u00c1reas de inter\u00e9s Nutrici\u00f3n y salud La desnutrici\u00f3n es la principal causa de mortalidad infantil. Las familias de bajos ingresos dependen del ma\u00edz porque es barato, pero carece de nutrientes esenciales. Esto provoca retrasos en el crecimiento, deterioro cognitivo, enfermedades y p\u00e9rdidas de ingresos de por vida que mantienen a las comunidades atrapadas en la pobreza. En lugar de cambiar la dieta, mejoramos el ma\u00edz en s\u00ed mismo. Nuestro ma\u00edz biofortificado...<\/p>","protected":false},"author":9,"featured_media":0,"parent":0,"menu_order":0,"comment_status":"closed","ping_status":"closed","template":"","meta":{"_acf_changed":false,"footnotes":""},"class_list":["post-5752","page","type-page","status-publish","hentry"],"acf":[],"yoast_head":"<!-- This site is optimized with the Yoast SEO plugin v27.3 - https:\/\/yoast.com\/product\/yoast-seo-wordpress\/ -->\n<title>Focus Areas - New Seed<\/title>\n<meta name=\"robots\" content=\"index, follow, max-snippet:-1, max-image-preview:large, max-video-preview:-1\" \/>\n<link rel=\"canonical\" href=\"https:\/\/semillanueva.org\/es\/focus-areas\/\" \/>\n<meta property=\"og:locale\" content=\"es_ES\" \/>\n<meta property=\"og:type\" content=\"article\" \/>\n<meta property=\"og:title\" content=\"Focus Areas - New Seed\" \/>\n<meta property=\"og:description\" content=\"Focus Areas Nutrition and Health Malnutrition is the leading cause of childhood death. Low-income families rely on corn because it is cheap, but it lacks key nutrients. This leads to stunted growth, impaired cognition, disease, and lifelong income losses that trap communities in poverty. Instead of changing diets, we improve the corn itself.\u2028 Our biofortified&hellip;\" \/>\n<meta property=\"og:url\" content=\"https:\/\/semillanueva.org\/es\/focus-areas\/\" \/>\n<meta property=\"og:site_name\" content=\"New Seed\" \/>\n<meta property=\"article:modified_time\" content=\"2026-02-07T00:04:19+00:00\" \/>\n<meta property=\"og:image\" content=\"https:\/\/semillanueva.org\/wp-content\/uploads\/2026\/01\/SN-9016-scaled-e1769113151305.jpg\" \/>\n<meta name=\"twitter:card\" content=\"summary_large_image\" \/>\n<script type=\"application\/ld+json\" class=\"yoast-schema-graph\">{\"@context\":\"https:\\\/\\\/schema.org\",\"@graph\":[{\"@type\":\"WebPage\",\"@id\":\"https:\\\/\\\/semillanueva.org\\\/focus-areas\\\/\",\"url\":\"https:\\\/\\\/semillanueva.org\\\/focus-areas\\\/\",\"name\":\"Focus Areas - New Seed\",\"isPartOf\":{\"@id\":\"https:\\\/\\\/semillanueva.org\\\/#website\"},\"primaryImageOfPage\":{\"@id\":\"https:\\\/\\\/semillanueva.org\\\/focus-areas\\\/#primaryimage\"},\"image\":{\"@id\":\"https:\\\/\\\/semillanueva.org\\\/focus-areas\\\/#primaryimage\"},\"thumbnailUrl\":\"https:\\\/\\\/semillanueva.org\\\/wp-content\\\/uploads\\\/2026\\\/01\\\/SN-9016-scaled-e1769113151305.jpg\",\"datePublished\":\"2025-12-22T20:19:27+00:00\",\"dateModified\":\"2026-02-07T00:04:19+00:00\",\"breadcrumb\":{\"@id\":\"https:\\\/\\\/semillanueva.org\\\/focus-areas\\\/#breadcrumb\"},\"inLanguage\":\"es\",\"potentialAction\":[{\"@type\":\"ReadAction\",\"target\":[\"https:\\\/\\\/semillanueva.org\\\/focus-areas\\\/\"]}]},{\"@type\":\"ImageObject\",\"inLanguage\":\"es\",\"@id\":\"https:\\\/\\\/semillanueva.org\\\/focus-areas\\\/#primaryimage\",\"url\":\"https:\\\/\\\/semillanueva.org\\\/wp-content\\\/uploads\\\/2026\\\/01\\\/SN-9016-scaled-e1769113151305.jpg\",\"contentUrl\":\"https:\\\/\\\/semillanueva.org\\\/wp-content\\\/uploads\\\/2026\\\/01\\\/SN-9016-scaled-e1769113151305.jpg\"},{\"@type\":\"BreadcrumbList\",\"@id\":\"https:\\\/\\\/semillanueva.org\\\/focus-areas\\\/#breadcrumb\",\"itemListElement\":[{\"@type\":\"ListItem\",\"position\":1,\"name\":\"Home\",\"item\":\"https:\\\/\\\/semillanueva.org\\\/\"},{\"@type\":\"ListItem\",\"position\":2,\"name\":\"Focus Areas\"}]},{\"@type\":\"WebSite\",\"@id\":\"https:\\\/\\\/semillanueva.org\\\/#website\",\"url\":\"https:\\\/\\\/semillanueva.org\\\/\",\"name\":\"New Seed\",\"description\":\"New Seed fights malnutrition and poverty with better corn.\",\"potentialAction\":[{\"@type\":\"SearchAction\",\"target\":{\"@type\":\"EntryPoint\",\"urlTemplate\":\"https:\\\/\\\/semillanueva.org\\\/?s={search_term_string}\"},\"query-input\":{\"@type\":\"PropertyValueSpecification\",\"valueRequired\":true,\"valueName\":\"search_term_string\"}}],\"inLanguage\":\"es\"}]}<\/script>\n<!-- \/ Yoast SEO plugin. -->","yoast_head_json":{"title":"\u00c1reas de inter\u00e9s: nuevas semillas","robots":{"index":"index","follow":"follow","max-snippet":"max-snippet:-1","max-image-preview":"max-image-preview:large","max-video-preview":"max-video-preview:-1"},"canonical":"https:\/\/semillanueva.org\/es\/focus-areas\/","og_locale":"es_ES","og_type":"article","og_title":"Focus Areas - New Seed","og_description":"Focus Areas Nutrition and Health Malnutrition is the leading cause of childhood death. Low-income families rely on corn because it is cheap, but it lacks key nutrients. This leads to stunted growth, impaired cognition, disease, and lifelong income losses that trap communities in poverty. Instead of changing diets, we improve the corn itself.\u2028 Our biofortified&hellip;","og_url":"https:\/\/semillanueva.org\/es\/focus-areas\/","og_site_name":"New Seed","article_modified_time":"2026-02-07T00:04:19+00:00","og_image":[{"url":"https:\/\/semillanueva.org\/wp-content\/uploads\/2026\/01\/SN-9016-scaled-e1769113151305.jpg","type":"","width":"","height":""}],"twitter_card":"summary_large_image","schema":{"@context":"https:\/\/schema.org","@graph":[{"@type":"WebPage","@id":"https:\/\/semillanueva.org\/focus-areas\/","url":"https:\/\/semillanueva.org\/focus-areas\/","name":"\u00c1reas de inter\u00e9s: nuevas semillas","isPartOf":{"@id":"https:\/\/semillanueva.org\/#website"},"primaryImageOfPage":{"@id":"https:\/\/semillanueva.org\/focus-areas\/#primaryimage"},"image":{"@id":"https:\/\/semillanueva.org\/focus-areas\/#primaryimage"},"thumbnailUrl":"https:\/\/semillanueva.org\/wp-content\/uploads\/2026\/01\/SN-9016-scaled-e1769113151305.jpg","datePublished":"2025-12-22T20:19:27+00:00","dateModified":"2026-02-07T00:04:19+00:00","breadcrumb":{"@id":"https:\/\/semillanueva.org\/focus-areas\/#breadcrumb"},"inLanguage":"es","potentialAction":[{"@type":"ReadAction","target":["https:\/\/semillanueva.org\/focus-areas\/"]}]},{"@type":"ImageObject","inLanguage":"es","@id":"https:\/\/semillanueva.org\/focus-areas\/#primaryimage","url":"https:\/\/semillanueva.org\/wp-content\/uploads\/2026\/01\/SN-9016-scaled-e1769113151305.jpg","contentUrl":"https:\/\/semillanueva.org\/wp-content\/uploads\/2026\/01\/SN-9016-scaled-e1769113151305.jpg"},{"@type":"BreadcrumbList","@id":"https:\/\/semillanueva.org\/focus-areas\/#breadcrumb","itemListElement":[{"@type":"ListItem","position":1,"name":"Home","item":"https:\/\/semillanueva.org\/"},{"@type":"ListItem","position":2,"name":"Focus Areas"}]},{"@type":"WebSite","@id":"https:\/\/semillanueva.org\/#website","url":"https:\/\/semillanueva.org\/","name":"Semilla nueva","description":"New Seed combate la desnutrici\u00f3n y la pobreza con un ma\u00edz mejorado.","potentialAction":[{"@type":"SearchAction","target":{"@type":"EntryPoint","urlTemplate":"https:\/\/semillanueva.org\/?s={search_term_string}"},"query-input":{"@type":"PropertyValueSpecification","valueRequired":true,"valueName":"search_term_string"}}],"inLanguage":"es"}]}},"_links":{"self":[{"href":"https:\/\/semillanueva.org\/es\/wp-json\/wp\/v2\/pages\/5752","targetHints":{"allow":["GET"]}}],"collection":[{"href":"https:\/\/semillanueva.org\/es\/wp-json\/wp\/v2\/pages"}],"about":[{"href":"https:\/\/semillanueva.org\/es\/wp-json\/wp\/v2\/types\/page"}],"author":[{"embeddable":true,"href":"https:\/\/semillanueva.org\/es\/wp-json\/wp\/v2\/users\/9"}],"replies":[{"embeddable":true,"href":"https:\/\/semillanueva.org\/es\/wp-json\/wp\/v2\/comments?post=5752"}],"version-history":[{"count":0,"href":"https:\/\/semillanueva.org\/es\/wp-json\/wp\/v2\/pages\/5752\/revisions"}],"wp:attachment":[{"href":"https:\/\/semillanueva.org\/es\/wp-json\/wp\/v2\/media?parent=5752"}],"curies":[{"name":"wp","href":"https:\/\/api.w.org\/{rel}","templated":true}]}}