{"id":5747,"date":"2025-12-22T20:16:49","date_gmt":"2025-12-22T20:16:49","guid":{"rendered":"https:\/\/semillanuevstg.wpenginepowered.com\/?page_id=5747"},"modified":"2026-03-10T15:30:06","modified_gmt":"2026-03-10T15:30:06","slug":"our-model","status":"publish","type":"page","link":"https:\/\/semillanueva.org\/es\/our-model\/","title":{"rendered":"Nuestro modelo"},"content":{"rendered":"<h1>\n\t\t\tNuestro modelo\t<\/h1>\n<h2>\n\t\t\tQu\u00e9 Hacemos\t<\/h2>\n<h2>\n\t\t\tEncuentre las semillas adecuadas\t<\/h2>\n\t<p>Cada a\u00f1o, los bancos de semillas y las empresas desarrollan semillas de mayor rendimiento y m\u00e1s resistentes al clima para los agricultores de \u00c1frica y Am\u00e9rica Central. Nosotros identificamos estas semillas, las probamos y las certificamos.<\/p>\n<h2>\n\t\t\tHazlos nutritivos\t<\/h2>\n\t<p>Cruza estas semillas de alto rendimiento con variedades naturales que contienen suficiente zinc, hierro y prote\u00ednas de calidad, que han demostrado reducir la desnutrici\u00f3n.<\/p>\n<h2>\n\t\t\tHazlos accesibles\t<\/h2>\n\t<p>Los agricultores quieren semillas mejoradas, pero a menudo no pueden pagarlas. Nos asociamos con empresas de semillas, gobiernos y ONG para hacer que estas semillas sean m\u00e1s accesibles a trav\u00e9s de programas sociales y subsidios.<\/p>\n<h2>\n\t\t\tC\u00f3mo funciona\t<\/h2>\n<figure itemscope itemtype=\"https:\/\/schema.org\/ImageObject\">\n\t\t\t\t<img decoding=\"async\" data-src=\"https:\/\/semillanueva.org\/wp-content\/uploads\/2025\/12\/01_Seedling-Icon_SMALL-2-scaled.png\" alt=\"01_Seedling Icon_SMALL\" height=\"2560\" width=\"2560\" title=\"01_Icono de pl\u00e1ntula_PEQUE\u00d1O\" onerror=\"this.style.display='none'\" src=\"data:image\/svg+xml;base64,PHN2ZyB3aWR0aD0iMSIgaGVpZ2h0PSIxIiB4bWxucz0iaHR0cDovL3d3dy53My5vcmcvMjAwMC9zdmciPjwvc3ZnPg==\" class=\"lazyload\" style=\"--smush-placeholder-width: 2560px; --smush-placeholder-aspect-ratio: 2560\/2560;\" \/>\n\t<\/figure>\n\t<p>Desarrollamos semillas de ma\u00edz de alto rendimiento, resistentes al clima y nutritivas.<\/p>\n<figure itemscope itemtype=\"https:\/\/schema.org\/ImageObject\">\n\t\t\t\t<img decoding=\"async\" data-src=\"https:\/\/semillanueva.org\/wp-content\/uploads\/2025\/12\/02_Partners-Icon_1000.png\" alt=\"02_Partners Icon_1000\" height=\"1000\" width=\"1000\" title=\"02_Icono de socios_1000\" onerror=\"this.style.display='none'\" src=\"data:image\/svg+xml;base64,PHN2ZyB3aWR0aD0iMSIgaGVpZ2h0PSIxIiB4bWxucz0iaHR0cDovL3d3dy53My5vcmcvMjAwMC9zdmciPjwvc3ZnPg==\" class=\"lazyload\" style=\"--smush-placeholder-width: 1000px; --smush-placeholder-aspect-ratio: 1000\/1000;\" \/>\n\t<\/figure>\n\t<p>Ayudamos <strong>De 1 a 10 socios en cada pa\u00eds<\/strong> producirlos y venderlos a bajo precio.<\/p>\n<figure itemscope itemtype=\"https:\/\/schema.org\/ImageObject\">\n\t\t\t\t<img decoding=\"async\" data-src=\"https:\/\/semillanueva.org\/wp-content\/uploads\/2025\/12\/03_Sell-Seeds-Icon-scaled.png\" alt=\"03_Sell Seeds Icon\" height=\"2560\" width=\"2560\" title=\"03_Icono de vender semillas\" onerror=\"this.style.display='none'\" src=\"data:image\/svg+xml;base64,PHN2ZyB3aWR0aD0iMSIgaGVpZ2h0PSIxIiB4bWxucz0iaHR0cDovL3d3dy53My5vcmcvMjAwMC9zdmciPjwvc3ZnPg==\" class=\"lazyload\" style=\"--smush-placeholder-width: 2560px; --smush-placeholder-aspect-ratio: 2560\/2560;\" \/>\n\t<\/figure>\n\t<p>Cada socio vende semillas a <strong>10,000-100,000 agricultores<\/strong> que cultivan y venden ma\u00edz nutritivo.<\/p>\n<figure itemscope itemtype=\"https:\/\/schema.org\/ImageObject\">\n\t\t\t\t<img decoding=\"async\" data-src=\"https:\/\/semillanueva.org\/wp-content\/uploads\/2025\/12\/01_Seedling-Icon_SMALL.png\" alt=\"01_Seedling Icon_SMALL\" height=\"1000\" width=\"1000\" title=\"01_Icono de pl\u00e1ntula_PEQUE\u00d1O\" onerror=\"this.style.display='none'\" src=\"data:image\/svg+xml;base64,PHN2ZyB3aWR0aD0iMSIgaGVpZ2h0PSIxIiB4bWxucz0iaHR0cDovL3d3dy53My5vcmcvMjAwMC9zdmciPjwvc3ZnPg==\" class=\"lazyload\" style=\"--smush-placeholder-width: 1000px; --smush-placeholder-aspect-ratio: 1000\/1000;\" \/>\n\t<\/figure>\n\t<p>El ma\u00edz cultivado por los agricultores alimenta a sus familias y <strong>millones de consumidores<\/strong>.<\/p>\n<h2>\n\t\t\tDescubre c\u00f3mo planeamos llegar a mil millones de personas para 2045.\t<\/h2>\n\t\t\t<a href=\"https:\/\/semillanueva.org\/es\/scale\/\"  target=\"_self\">\n\t\t\t\t\t\t\tC\u00f3mo escalamos\n\t\t\t\t\t<\/a>\n<figure itemscope itemtype=\"https:\/\/schema.org\/ImageObject\">\n\t\t\t\t<img decoding=\"async\" data-src=\"https:\/\/semillanueva.org\/wp-content\/uploads\/2026\/03\/Updated-model-v2.png\" alt=\"Updated model v2\" height=\"864\" width=\"1212\" title=\"Modelo actualizado v2\" onerror=\"this.style.display='none'\" src=\"data:image\/svg+xml;base64,PHN2ZyB3aWR0aD0iMSIgaGVpZ2h0PSIxIiB4bWxucz0iaHR0cDovL3d3dy53My5vcmcvMjAwMC9zdmciPjwvc3ZnPg==\" class=\"lazyload\" style=\"--smush-placeholder-width: 1212px; --smush-placeholder-aspect-ratio: 1212\/864;\" \/>\n\t<\/figure>\n<figure itemscope itemtype=\"https:\/\/schema.org\/ImageObject\">\n\t\t\t\t<img decoding=\"async\" data-src=\"https:\/\/semillanueva.org\/wp-content\/uploads\/2026\/03\/Map_model_edited.png\" alt=\"Map_model_edited\" height=\"320\" width=\"549\" title=\"Mapa_modelo_editado\" onerror=\"this.style.display='none'\" src=\"data:image\/svg+xml;base64,PHN2ZyB3aWR0aD0iMSIgaGVpZ2h0PSIxIiB4bWxucz0iaHR0cDovL3d3dy53My5vcmcvMjAwMC9zdmciPjwvc3ZnPg==\" class=\"lazyload\" style=\"--smush-placeholder-width: 549px; --smush-placeholder-aspect-ratio: 549\/320;\" \/>\n\t<\/figure>\n\t\t\t<a href=\"https:\/\/semillanueva.org\/es\/evidence\/\"  target=\"_self\">\n\t\t\t\t\t\t\tM\u00e1s informaci\u00f3n sobre nuestro impacto nutricional y econ\u00f3mico\n\t\t\t\t\t<\/a>","protected":false},"excerpt":{"rendered":"<p>Nuestro modelo Qu\u00e9 hacemos Encontrar las semillas adecuadas Cada a\u00f1o, los bancos de semillas y las empresas desarrollan semillas de mayor rendimiento y m\u00e1s resistentes al clima para los agricultores de \u00c1frica y Am\u00e9rica Central. Identificamos estas semillas, las probamos y las certificamos. Hacerlas nutritivas Cruzamos estas semillas de alto rendimiento con variedades naturales que contienen suficiente zinc, hierro y prote\u00ednas de calidad...<\/p>","protected":false},"author":9,"featured_media":0,"parent":0,"menu_order":0,"comment_status":"closed","ping_status":"closed","template":"","meta":{"_acf_changed":false,"footnotes":""},"class_list":["post-5747","page","type-page","status-publish","hentry"],"acf":[],"yoast_head":"<!-- This site is optimized with the Yoast SEO plugin v27.3 - https:\/\/yoast.com\/product\/yoast-seo-wordpress\/ -->\n<title>Our Model - New Seed<\/title>\n<meta name=\"robots\" content=\"index, follow, max-snippet:-1, max-image-preview:large, max-video-preview:-1\" \/>\n<link rel=\"canonical\" href=\"https:\/\/semillanueva.org\/es\/our-model\/\" \/>\n<meta property=\"og:locale\" content=\"es_ES\" \/>\n<meta property=\"og:type\" content=\"article\" \/>\n<meta property=\"og:title\" content=\"Our Model - New Seed\" \/>\n<meta property=\"og:description\" content=\"Our Model What We Do Find the Right Seeds Every year, seed banks and companies develop higher-yielding and more climate-resilient seeds for farmers in Africa and Central America. We identify these seeds, test, and license them. Make Them Nutritious We crossbreed these high-yielding seeds with naturally occurring varieties with enough zinc, iron, and quality protein&hellip;\" \/>\n<meta property=\"og:url\" content=\"https:\/\/semillanueva.org\/es\/our-model\/\" \/>\n<meta property=\"og:site_name\" content=\"New Seed\" \/>\n<meta property=\"article:modified_time\" content=\"2026-03-10T15:30:06+00:00\" \/>\n<meta property=\"og:image\" content=\"https:\/\/semillanueva.org\/wp-content\/uploads\/2025\/12\/01_Seedling-Icon_SMALL-2-scaled.png\" \/>\n<meta name=\"twitter:card\" content=\"summary_large_image\" \/>\n<meta name=\"twitter:label1\" content=\"Est. reading time\" \/>\n\t<meta name=\"twitter:data1\" content=\"2 minutos\" \/>\n<script type=\"application\/ld+json\" class=\"yoast-schema-graph\">{\"@context\":\"https:\\\/\\\/schema.org\",\"@graph\":[{\"@type\":\"WebPage\",\"@id\":\"https:\\\/\\\/semillanueva.org\\\/our-model\\\/\",\"url\":\"https:\\\/\\\/semillanueva.org\\\/our-model\\\/\",\"name\":\"Our Model - New Seed\",\"isPartOf\":{\"@id\":\"https:\\\/\\\/semillanueva.org\\\/#website\"},\"primaryImageOfPage\":{\"@id\":\"https:\\\/\\\/semillanueva.org\\\/our-model\\\/#primaryimage\"},\"image\":{\"@id\":\"https:\\\/\\\/semillanueva.org\\\/our-model\\\/#primaryimage\"},\"thumbnailUrl\":\"https:\\\/\\\/semillanueva.org\\\/wp-content\\\/uploads\\\/2025\\\/12\\\/01_Seedling-Icon_SMALL-2-scaled.png\",\"datePublished\":\"2025-12-22T20:16:49+00:00\",\"dateModified\":\"2026-03-10T15:30:06+00:00\",\"breadcrumb\":{\"@id\":\"https:\\\/\\\/semillanueva.org\\\/our-model\\\/#breadcrumb\"},\"inLanguage\":\"es\",\"potentialAction\":[{\"@type\":\"ReadAction\",\"target\":[\"https:\\\/\\\/semillanueva.org\\\/our-model\\\/\"]}]},{\"@type\":\"ImageObject\",\"inLanguage\":\"es\",\"@id\":\"https:\\\/\\\/semillanueva.org\\\/our-model\\\/#primaryimage\",\"url\":\"https:\\\/\\\/semillanueva.org\\\/wp-content\\\/uploads\\\/2025\\\/12\\\/01_Seedling-Icon_SMALL-2-scaled.png\",\"contentUrl\":\"https:\\\/\\\/semillanueva.org\\\/wp-content\\\/uploads\\\/2025\\\/12\\\/01_Seedling-Icon_SMALL-2-scaled.png\"},{\"@type\":\"BreadcrumbList\",\"@id\":\"https:\\\/\\\/semillanueva.org\\\/our-model\\\/#breadcrumb\",\"itemListElement\":[{\"@type\":\"ListItem\",\"position\":1,\"name\":\"Home\",\"item\":\"https:\\\/\\\/semillanueva.org\\\/\"},{\"@type\":\"ListItem\",\"position\":2,\"name\":\"Our Model\"}]},{\"@type\":\"WebSite\",\"@id\":\"https:\\\/\\\/semillanueva.org\\\/#website\",\"url\":\"https:\\\/\\\/semillanueva.org\\\/\",\"name\":\"New Seed\",\"description\":\"New Seed fights malnutrition and poverty with better corn.\",\"potentialAction\":[{\"@type\":\"SearchAction\",\"target\":{\"@type\":\"EntryPoint\",\"urlTemplate\":\"https:\\\/\\\/semillanueva.org\\\/?s={search_term_string}\"},\"query-input\":{\"@type\":\"PropertyValueSpecification\",\"valueRequired\":true,\"valueName\":\"search_term_string\"}}],\"inLanguage\":\"es\"}]}<\/script>\n<!-- \/ Yoast SEO plugin. -->","yoast_head_json":{"title":"Nuestro modelo: Nueva Semilla","robots":{"index":"index","follow":"follow","max-snippet":"max-snippet:-1","max-image-preview":"max-image-preview:large","max-video-preview":"max-video-preview:-1"},"canonical":"https:\/\/semillanueva.org\/es\/our-model\/","og_locale":"es_ES","og_type":"article","og_title":"Our Model - New Seed","og_description":"Our Model What We Do Find the Right Seeds Every year, seed banks and companies develop higher-yielding and more climate-resilient seeds for farmers in Africa and Central America. We identify these seeds, test, and license them. Make Them Nutritious We crossbreed these high-yielding seeds with naturally occurring varieties with enough zinc, iron, and quality protein&hellip;","og_url":"https:\/\/semillanueva.org\/es\/our-model\/","og_site_name":"New Seed","article_modified_time":"2026-03-10T15:30:06+00:00","og_image":[{"url":"https:\/\/semillanueva.org\/wp-content\/uploads\/2025\/12\/01_Seedling-Icon_SMALL-2-scaled.png","type":"","width":"","height":""}],"twitter_card":"summary_large_image","twitter_misc":{"Est. reading time":"2 minutos"},"schema":{"@context":"https:\/\/schema.org","@graph":[{"@type":"WebPage","@id":"https:\/\/semillanueva.org\/our-model\/","url":"https:\/\/semillanueva.org\/our-model\/","name":"Nuestro modelo: Nueva Semilla","isPartOf":{"@id":"https:\/\/semillanueva.org\/#website"},"primaryImageOfPage":{"@id":"https:\/\/semillanueva.org\/our-model\/#primaryimage"},"image":{"@id":"https:\/\/semillanueva.org\/our-model\/#primaryimage"},"thumbnailUrl":"https:\/\/semillanueva.org\/wp-content\/uploads\/2025\/12\/01_Seedling-Icon_SMALL-2-scaled.png","datePublished":"2025-12-22T20:16:49+00:00","dateModified":"2026-03-10T15:30:06+00:00","breadcrumb":{"@id":"https:\/\/semillanueva.org\/our-model\/#breadcrumb"},"inLanguage":"es","potentialAction":[{"@type":"ReadAction","target":["https:\/\/semillanueva.org\/our-model\/"]}]},{"@type":"ImageObject","inLanguage":"es","@id":"https:\/\/semillanueva.org\/our-model\/#primaryimage","url":"https:\/\/semillanueva.org\/wp-content\/uploads\/2025\/12\/01_Seedling-Icon_SMALL-2-scaled.png","contentUrl":"https:\/\/semillanueva.org\/wp-content\/uploads\/2025\/12\/01_Seedling-Icon_SMALL-2-scaled.png"},{"@type":"BreadcrumbList","@id":"https:\/\/semillanueva.org\/our-model\/#breadcrumb","itemListElement":[{"@type":"ListItem","position":1,"name":"Home","item":"https:\/\/semillanueva.org\/"},{"@type":"ListItem","position":2,"name":"Our Model"}]},{"@type":"WebSite","@id":"https:\/\/semillanueva.org\/#website","url":"https:\/\/semillanueva.org\/","name":"Semilla nueva","description":"New Seed combate la desnutrici\u00f3n y la pobreza con un ma\u00edz mejorado.","potentialAction":[{"@type":"SearchAction","target":{"@type":"EntryPoint","urlTemplate":"https:\/\/semillanueva.org\/?s={search_term_string}"},"query-input":{"@type":"PropertyValueSpecification","valueRequired":true,"valueName":"search_term_string"}}],"inLanguage":"es"}]}},"_links":{"self":[{"href":"https:\/\/semillanueva.org\/es\/wp-json\/wp\/v2\/pages\/5747","targetHints":{"allow":["GET"]}}],"collection":[{"href":"https:\/\/semillanueva.org\/es\/wp-json\/wp\/v2\/pages"}],"about":[{"href":"https:\/\/semillanueva.org\/es\/wp-json\/wp\/v2\/types\/page"}],"author":[{"embeddable":true,"href":"https:\/\/semillanueva.org\/es\/wp-json\/wp\/v2\/users\/9"}],"replies":[{"embeddable":true,"href":"https:\/\/semillanueva.org\/es\/wp-json\/wp\/v2\/comments?post=5747"}],"version-history":[{"count":0,"href":"https:\/\/semillanueva.org\/es\/wp-json\/wp\/v2\/pages\/5747\/revisions"}],"wp:attachment":[{"href":"https:\/\/semillanueva.org\/es\/wp-json\/wp\/v2\/media?parent=5747"}],"curies":[{"name":"wp","href":"https:\/\/api.w.org\/{rel}","templated":true}]}}