{"id":5724,"date":"2025-12-22T17:58:53","date_gmt":"2025-12-22T17:58:53","guid":{"rendered":"https:\/\/semillanuevstg.wpenginepowered.com\/?page_id=5724"},"modified":"2026-02-06T23:49:14","modified_gmt":"2026-02-06T23:49:14","slug":"home-page-2","status":"publish","type":"page","link":"https:\/\/semillanueva.org\/es\/","title":{"rendered":"P\u00e1gina de inicio"},"content":{"rendered":"<h1>\n\t\t\tLa desnutrici\u00f3n es la principal causa de mortalidad infantil.\t<\/h1>\n<h1>\n\t\t\tEn los lugares donde el ma\u00edz es el alimento principal, el n\u00famero de ni\u00f1os desnutridos est\u00e1 aumentando.\t<\/h1>\n<h2>\n\t\t\tPor lo tanto, cultivamos ma\u00edz para que sea m\u00e1s nutritivo.\t<\/h2>\n\t<p>(Nuestras semillas no son transg\u00e9nicas, pero no estamos en contra de ellas).<\/p>\n<h2>\n\t\t\tnuestros resultados para 2025:\t<\/h2>\n<figure itemscope itemtype=\"https:\/\/schema.org\/ImageObject\">\n\t\t\t\t<img decoding=\"async\" data-src=\"https:\/\/semillanueva.org\/wp-content\/uploads\/2026\/01\/Icons-02.png\" alt=\"Icons-02\" height=\"600\" width=\"600\" title=\"Iconos-02\" onerror=\"this.style.display='none'\" src=\"data:image\/svg+xml;base64,PHN2ZyB3aWR0aD0iMSIgaGVpZ2h0PSIxIiB4bWxucz0iaHR0cDovL3d3dy53My5vcmcvMjAwMC9zdmciPjwvc3ZnPg==\" class=\"lazyload\" style=\"--smush-placeholder-width: 600px; --smush-placeholder-aspect-ratio: 600\/600;\" \/>\n\t<\/figure>\n<h2>\n\t\t\tDesarrollamos y lanzamos dos nuevas semillas de ma\u00edz de alto rendimiento, resistentes al clima y nutritivas.\t<\/h2>\n<figure itemscope itemtype=\"https:\/\/schema.org\/ImageObject\">\n\t\t\t\t<img decoding=\"async\" data-src=\"https:\/\/semillanueva.org\/wp-content\/uploads\/2026\/01\/Icons-01.png\" alt=\"Icons-01\" height=\"600\" width=\"600\" title=\"Iconos-01\" onerror=\"this.style.display='none'\" src=\"data:image\/svg+xml;base64,PHN2ZyB3aWR0aD0iMSIgaGVpZ2h0PSIxIiB4bWxucz0iaHR0cDovL3d3dy53My5vcmcvMjAwMC9zdmciPjwvc3ZnPg==\" class=\"lazyload\" style=\"--smush-placeholder-width: 600px; --smush-placeholder-aspect-ratio: 600\/600;\" \/>\n\t<\/figure>\n<h2>\n\t\t\tHemos ayudado a 11 empresas asociadas a producir y vender estas semillas a un precio asequible.\t<\/h2>\n<figure itemscope itemtype=\"https:\/\/schema.org\/ImageObject\">\n\t\t\t\t<img decoding=\"async\" data-src=\"https:\/\/semillanueva.org\/wp-content\/uploads\/2026\/01\/Icons-03.png\" alt=\"Icons-03\" height=\"600\" width=\"600\" title=\"Iconos-03\" onerror=\"this.style.display='none'\" src=\"data:image\/svg+xml;base64,PHN2ZyB3aWR0aD0iMSIgaGVpZ2h0PSIxIiB4bWxucz0iaHR0cDovL3d3dy53My5vcmcvMjAwMC9zdmciPjwvc3ZnPg==\" class=\"lazyload\" style=\"--smush-placeholder-width: 600px; --smush-placeholder-aspect-ratio: 600\/600;\" \/>\n\t<\/figure>\n<h2>\n\t\t\tA trav\u00e9s de esos socios, unos 55 000 agricultores cultivan y venden ma\u00edz nutritivo.\t<\/h2>\n<figure itemscope itemtype=\"https:\/\/schema.org\/ImageObject\">\n\t\t\t\t<img decoding=\"async\" data-src=\"https:\/\/semillanueva.org\/wp-content\/uploads\/2026\/01\/Icons-04.png\" alt=\"Icons-04\" height=\"600\" width=\"600\" title=\"Iconos-04\" onerror=\"this.style.display='none'\" src=\"data:image\/svg+xml;base64,PHN2ZyB3aWR0aD0iMSIgaGVpZ2h0PSIxIiB4bWxucz0iaHR0cDovL3d3dy53My5vcmcvMjAwMC9zdmciPjwvc3ZnPg==\" class=\"lazyload\" style=\"--smush-placeholder-width: 600px; --smush-placeholder-aspect-ratio: 600\/600;\" \/>\n\t<\/figure>\n<h2>\n\t\t\tEl ma\u00edz cultivado por esos agricultores ha alimentado a m\u00e1s de 1.4 millones de personas.\t<\/h2>\n\t\t\t<a href=\"https:\/\/semillanueva.org\/es\/our-model\/\"  target=\"_self\">\n\t\t\t\t\t\t\tLea sobre c\u00f3mo funciona nuestro modelo.\n\t\t\t\t\t<\/a>\n\t\t\t<a href=\"https:\/\/semillanueva.org\/es\/scale\/\"  target=\"_self\">\n\t\t\t\t\t\t\tC\u00f3mo pretendemos llegar a mil millones de personas\n\t\t\t\t\t<\/a>\n\t\t\t<a href=\"https:\/\/semillanueva.org\/es\/evidence\/\"  target=\"_self\">\n\t\t\t\t\t\t\tM\u00e1s informaci\u00f3n sobre nuestra evidencia de impacto\n\t\t\t\t\t<\/a>","protected":false},"excerpt":{"rendered":"<p>La desnutrici\u00f3n es la principal causa de mortalidad infantil. En los lugares donde el ma\u00edz es el alimento principal, el n\u00famero de ni\u00f1os desnutridos est\u00e1 aumentando. Por eso, cultivamos ma\u00edz para que sea m\u00e1s nutritivo. (Nuestras semillas no son transg\u00e9nicas, pero no estamos en contra de ellas). Nuestros resultados para 2025: hemos desarrollado y lanzado dos nuevas semillas de ma\u00edz de alto rendimiento, resistentes al clima y nutritivas. Hemos ayudado a...<\/p>","protected":false},"author":9,"featured_media":5811,"parent":0,"menu_order":0,"comment_status":"closed","ping_status":"closed","template":"","meta":{"_acf_changed":false,"footnotes":""},"class_list":["post-5724","page","type-page","status-publish","has-post-thumbnail","hentry"],"acf":[],"yoast_head":"<!-- This site is optimized with the Yoast SEO plugin v27.3 - https:\/\/yoast.com\/product\/yoast-seo-wordpress\/ -->\n<title>Fighting Malnutrition &amp; Poverty - New Seed<\/title>\n<meta name=\"description\" content=\"New Seed fights malnutrition &amp; poverty by providing affordable, nutritious corn seeds and supporting sustainable farming in vulnerable communities.\" \/>\n<meta name=\"robots\" content=\"index, follow, max-snippet:-1, max-image-preview:large, max-video-preview:-1\" \/>\n<link rel=\"canonical\" href=\"https:\/\/semillanueva.org\/es\/\" \/>\n<meta property=\"og:locale\" content=\"es_ES\" \/>\n<meta property=\"og:type\" content=\"article\" \/>\n<meta property=\"og:title\" content=\"Fighting Malnutrition &amp; Poverty - New Seed\" \/>\n<meta property=\"og:description\" content=\"New Seed fights malnutrition &amp; poverty by providing affordable, nutritious corn seeds and supporting sustainable farming in vulnerable communities.\" \/>\n<meta property=\"og:url\" content=\"https:\/\/semillanueva.org\/es\/\" \/>\n<meta property=\"og:site_name\" content=\"New Seed\" \/>\n<meta property=\"article:modified_time\" content=\"2026-02-06T23:49:14+00:00\" \/>\n<meta property=\"og:image\" content=\"https:\/\/semillanueva.org\/wp-content\/uploads\/2025\/12\/Link-\u2192-2-2.jpg-2.jpg\" \/>\n\t<meta property=\"og:image:width\" content=\"302\" \/>\n\t<meta property=\"og:image:height\" content=\"201\" \/>\n\t<meta property=\"og:image:type\" content=\"image\/jpeg\" \/>\n<meta name=\"twitter:card\" content=\"summary_large_image\" \/>\n<meta name=\"twitter:label1\" content=\"Est. reading time\" \/>\n\t<meta name=\"twitter:data1\" content=\"1 minuto\" \/>\n<script type=\"application\/ld+json\" class=\"yoast-schema-graph\">{\"@context\":\"https:\\\/\\\/schema.org\",\"@graph\":[{\"@type\":\"WebPage\",\"@id\":\"https:\\\/\\\/semillanueva.org\\\/\",\"url\":\"https:\\\/\\\/semillanueva.org\\\/\",\"name\":\"Fighting Malnutrition & Poverty - New Seed\",\"isPartOf\":{\"@id\":\"https:\\\/\\\/semillanueva.org\\\/#website\"},\"primaryImageOfPage\":{\"@id\":\"https:\\\/\\\/semillanueva.org\\\/#primaryimage\"},\"image\":{\"@id\":\"https:\\\/\\\/semillanueva.org\\\/#primaryimage\"},\"thumbnailUrl\":\"https:\\\/\\\/semillanueva.org\\\/wp-content\\\/uploads\\\/2025\\\/12\\\/Link-\u2192-2-2.jpg-2.jpg\",\"datePublished\":\"2025-12-22T17:58:53+00:00\",\"dateModified\":\"2026-02-06T23:49:14+00:00\",\"description\":\"New Seed fights malnutrition & poverty by providing affordable, nutritious corn seeds and supporting sustainable farming in vulnerable communities.\",\"breadcrumb\":{\"@id\":\"https:\\\/\\\/semillanueva.org\\\/#breadcrumb\"},\"inLanguage\":\"es\",\"potentialAction\":[{\"@type\":\"ReadAction\",\"target\":[\"https:\\\/\\\/semillanueva.org\\\/\"]}]},{\"@type\":\"ImageObject\",\"inLanguage\":\"es\",\"@id\":\"https:\\\/\\\/semillanueva.org\\\/#primaryimage\",\"url\":\"https:\\\/\\\/semillanueva.org\\\/wp-content\\\/uploads\\\/2025\\\/12\\\/Link-\u2192-2-2.jpg-2.jpg\",\"contentUrl\":\"https:\\\/\\\/semillanueva.org\\\/wp-content\\\/uploads\\\/2025\\\/12\\\/Link-\u2192-2-2.jpg-2.jpg\",\"width\":302,\"height\":201},{\"@type\":\"BreadcrumbList\",\"@id\":\"https:\\\/\\\/semillanueva.org\\\/#breadcrumb\",\"itemListElement\":[{\"@type\":\"ListItem\",\"position\":1,\"name\":\"Home\",\"item\":\"https:\\\/\\\/semillanueva.org\\\/\"},{\"@type\":\"ListItem\",\"position\":2,\"name\":\"Home Page\"}]},{\"@type\":\"WebSite\",\"@id\":\"https:\\\/\\\/semillanueva.org\\\/#website\",\"url\":\"https:\\\/\\\/semillanueva.org\\\/\",\"name\":\"New Seed\",\"description\":\"New Seed fights malnutrition and poverty with better corn.\",\"potentialAction\":[{\"@type\":\"SearchAction\",\"target\":{\"@type\":\"EntryPoint\",\"urlTemplate\":\"https:\\\/\\\/semillanueva.org\\\/?s={search_term_string}\"},\"query-input\":{\"@type\":\"PropertyValueSpecification\",\"valueRequired\":true,\"valueName\":\"search_term_string\"}}],\"inLanguage\":\"es\"}]}<\/script>\n<!-- \/ Yoast SEO plugin. -->","yoast_head_json":{"title":"Lucha contra la desnutrici\u00f3n y la pobreza - New Seed","description":"New Seed combate la desnutrici\u00f3n y la pobreza proporcionando semillas de ma\u00edz asequibles y nutritivas y apoyando la agricultura sostenible en comunidades vulnerables.","robots":{"index":"index","follow":"follow","max-snippet":"max-snippet:-1","max-image-preview":"max-image-preview:large","max-video-preview":"max-video-preview:-1"},"canonical":"https:\/\/semillanueva.org\/es\/","og_locale":"es_ES","og_type":"article","og_title":"Fighting Malnutrition & Poverty - New Seed","og_description":"New Seed fights malnutrition & poverty by providing affordable, nutritious corn seeds and supporting sustainable farming in vulnerable communities.","og_url":"https:\/\/semillanueva.org\/es\/","og_site_name":"New Seed","article_modified_time":"2026-02-06T23:49:14+00:00","og_image":[{"width":302,"height":201,"url":"https:\/\/semillanueva.org\/wp-content\/uploads\/2025\/12\/Link-\u2192-2-2.jpg-2.jpg","type":"image\/jpeg"}],"twitter_card":"summary_large_image","twitter_misc":{"Est. reading time":"1 minuto"},"schema":{"@context":"https:\/\/schema.org","@graph":[{"@type":"WebPage","@id":"https:\/\/semillanueva.org\/","url":"https:\/\/semillanueva.org\/","name":"Lucha contra la desnutrici\u00f3n y la pobreza - New Seed","isPartOf":{"@id":"https:\/\/semillanueva.org\/#website"},"primaryImageOfPage":{"@id":"https:\/\/semillanueva.org\/#primaryimage"},"image":{"@id":"https:\/\/semillanueva.org\/#primaryimage"},"thumbnailUrl":"https:\/\/semillanueva.org\/wp-content\/uploads\/2025\/12\/Link-\u2192-2-2.jpg-2.jpg","datePublished":"2025-12-22T17:58:53+00:00","dateModified":"2026-02-06T23:49:14+00:00","description":"New Seed combate la desnutrici\u00f3n y la pobreza proporcionando semillas de ma\u00edz asequibles y nutritivas y apoyando la agricultura sostenible en comunidades vulnerables.","breadcrumb":{"@id":"https:\/\/semillanueva.org\/#breadcrumb"},"inLanguage":"es","potentialAction":[{"@type":"ReadAction","target":["https:\/\/semillanueva.org\/"]}]},{"@type":"ImageObject","inLanguage":"es","@id":"https:\/\/semillanueva.org\/#primaryimage","url":"https:\/\/semillanueva.org\/wp-content\/uploads\/2025\/12\/Link-\u2192-2-2.jpg-2.jpg","contentUrl":"https:\/\/semillanueva.org\/wp-content\/uploads\/2025\/12\/Link-\u2192-2-2.jpg-2.jpg","width":302,"height":201},{"@type":"BreadcrumbList","@id":"https:\/\/semillanueva.org\/#breadcrumb","itemListElement":[{"@type":"ListItem","position":1,"name":"Home","item":"https:\/\/semillanueva.org\/"},{"@type":"ListItem","position":2,"name":"Home Page"}]},{"@type":"WebSite","@id":"https:\/\/semillanueva.org\/#website","url":"https:\/\/semillanueva.org\/","name":"Semilla nueva","description":"New Seed combate la desnutrici\u00f3n y la pobreza con un ma\u00edz mejorado.","potentialAction":[{"@type":"SearchAction","target":{"@type":"EntryPoint","urlTemplate":"https:\/\/semillanueva.org\/?s={search_term_string}"},"query-input":{"@type":"PropertyValueSpecification","valueRequired":true,"valueName":"search_term_string"}}],"inLanguage":"es"}]}},"_links":{"self":[{"href":"https:\/\/semillanueva.org\/es\/wp-json\/wp\/v2\/pages\/5724","targetHints":{"allow":["GET"]}}],"collection":[{"href":"https:\/\/semillanueva.org\/es\/wp-json\/wp\/v2\/pages"}],"about":[{"href":"https:\/\/semillanueva.org\/es\/wp-json\/wp\/v2\/types\/page"}],"author":[{"embeddable":true,"href":"https:\/\/semillanueva.org\/es\/wp-json\/wp\/v2\/users\/9"}],"replies":[{"embeddable":true,"href":"https:\/\/semillanueva.org\/es\/wp-json\/wp\/v2\/comments?post=5724"}],"version-history":[{"count":0,"href":"https:\/\/semillanueva.org\/es\/wp-json\/wp\/v2\/pages\/5724\/revisions"}],"wp:featuredmedia":[{"embeddable":true,"href":"https:\/\/semillanueva.org\/es\/wp-json\/wp\/v2\/media\/5811"}],"wp:attachment":[{"href":"https:\/\/semillanueva.org\/es\/wp-json\/wp\/v2\/media?parent=5724"}],"curies":[{"name":"wp","href":"https:\/\/api.w.org\/{rel}","templated":true}]}}