{"id":5651,"date":"2025-11-11T20:40:53","date_gmt":"2025-11-11T20:40:53","guid":{"rendered":"https:\/\/semillanueva.org\/?page_id=5651"},"modified":"2025-11-11T21:01:10","modified_gmt":"2025-11-11T21:01:10","slug":"follow-along","status":"publish","type":"page","link":"https:\/\/semillanueva.org\/es\/follow-along\/","title":{"rendered":"Sigue el ejemplo"},"content":{"rendered":"<h1>\n\t\t\t\u00a1Manteng\u00e1monos en contacto!\t<\/h1>\n\t<p>Cada trimestre, compartimos un informe sobre nuestros logros, aprendizajes y novedades interesantes en el mundo del ma\u00edz mejorado. Al suscribirte a esta lista, recibir\u00e1s estos informes, invitaciones a nuestras conferencias con inversores y <em>muy<\/em> Correos electr\u00f3nicos ocasionales sobre New Seed y las novedades importantes relacionadas con nuestro trabajo.<\/p>\n\t\t\t\t<img decoding=\"async\" data-src=\"https:\/\/semillanueva.org\/wp-content\/uploads\/2025\/11\/IMG_6353-scaled.jpg\" alt=\"IMG_6353\" itemprop=\"image\" height=\"2560\" width=\"1707\" title=\"IMG_6353\" onerror=\"this.style.display='none'\" src=\"data:image\/svg+xml;base64,PHN2ZyB3aWR0aD0iMSIgaGVpZ2h0PSIxIiB4bWxucz0iaHR0cDovL3d3dy53My5vcmcvMjAwMC9zdmciPjwvc3ZnPg==\" class=\"lazyload\" style=\"--smush-placeholder-width: 1707px; --smush-placeholder-aspect-ratio: 1707\/2560;\" \/>","protected":false},"excerpt":{"rendered":"<p>\u00a1Manteng\u00e1monos en contacto! Cada trimestre, compartimos un informe sobre nuestros logros, aprendizajes y novedades interesantes en el mundo del ma\u00edz mejorado. Al suscribirte a esta lista, recibir\u00e1s estos informes, invitaciones a nuestras conferencias con inversionistas y correos electr\u00f3nicos ocasionales sobre New Seed y las novedades importantes relacionadas con nuestro trabajo.<\/p>","protected":false},"author":1,"featured_media":0,"parent":0,"menu_order":0,"comment_status":"closed","ping_status":"closed","template":"","meta":{"_acf_changed":false,"footnotes":""},"class_list":["post-5651","page","type-page","status-publish","hentry"],"acf":[],"yoast_head":"<!-- This site is optimized with the Yoast SEO plugin v27.4 - https:\/\/yoast.com\/product\/yoast-seo-wordpress\/ -->\n<title>Follow Along - New Seed<\/title>\n<meta name=\"robots\" content=\"index, follow, max-snippet:-1, max-image-preview:large, max-video-preview:-1\" \/>\n<link rel=\"canonical\" href=\"https:\/\/semillanueva.org\/es\/follow-along\/\" \/>\n<meta property=\"og:locale\" content=\"es_ES\" \/>\n<meta property=\"og:type\" content=\"article\" \/>\n<meta property=\"og:title\" content=\"Follow Along - New Seed\" \/>\n<meta property=\"og:description\" content=\"Let&#8217;s stay in Touch! Every quarter, we share a report about our wins, learnings, and exciting updates in the world of better maize! By signing up for this list, you will receive these reports, invitations to our investor calls, and very occasional emails about New Seed and the big things happening with our work.\" \/>\n<meta property=\"og:url\" content=\"https:\/\/semillanueva.org\/es\/follow-along\/\" \/>\n<meta property=\"og:site_name\" content=\"New Seed\" \/>\n<meta property=\"article:modified_time\" content=\"2025-11-11T21:01:10+00:00\" \/>\n<meta property=\"og:image\" content=\"https:\/\/semillanueva.org\/wp-content\/uploads\/2025\/11\/IMG_6353-scaled.jpg\" \/>\n<meta name=\"twitter:card\" content=\"summary_large_image\" \/>\n<script type=\"application\/ld+json\" class=\"yoast-schema-graph\">{\"@context\":\"https:\\\/\\\/schema.org\",\"@graph\":[{\"@type\":\"WebPage\",\"@id\":\"https:\\\/\\\/semillanueva.org\\\/follow-along\\\/\",\"url\":\"https:\\\/\\\/semillanueva.org\\\/follow-along\\\/\",\"name\":\"Follow Along - New Seed\",\"isPartOf\":{\"@id\":\"https:\\\/\\\/semillanueva.org\\\/#website\"},\"primaryImageOfPage\":{\"@id\":\"https:\\\/\\\/semillanueva.org\\\/follow-along\\\/#primaryimage\"},\"image\":{\"@id\":\"https:\\\/\\\/semillanueva.org\\\/follow-along\\\/#primaryimage\"},\"thumbnailUrl\":\"https:\\\/\\\/semillanueva.org\\\/wp-content\\\/uploads\\\/2025\\\/11\\\/IMG_6353-scaled.jpg\",\"datePublished\":\"2025-11-11T20:40:53+00:00\",\"dateModified\":\"2025-11-11T21:01:10+00:00\",\"breadcrumb\":{\"@id\":\"https:\\\/\\\/semillanueva.org\\\/follow-along\\\/#breadcrumb\"},\"inLanguage\":\"es\",\"potentialAction\":[{\"@type\":\"ReadAction\",\"target\":[\"https:\\\/\\\/semillanueva.org\\\/follow-along\\\/\"]}]},{\"@type\":\"ImageObject\",\"inLanguage\":\"es\",\"@id\":\"https:\\\/\\\/semillanueva.org\\\/follow-along\\\/#primaryimage\",\"url\":\"https:\\\/\\\/semillanueva.org\\\/wp-content\\\/uploads\\\/2025\\\/11\\\/IMG_6353-scaled.jpg\",\"contentUrl\":\"https:\\\/\\\/semillanueva.org\\\/wp-content\\\/uploads\\\/2025\\\/11\\\/IMG_6353-scaled.jpg\"},{\"@type\":\"BreadcrumbList\",\"@id\":\"https:\\\/\\\/semillanueva.org\\\/follow-along\\\/#breadcrumb\",\"itemListElement\":[{\"@type\":\"ListItem\",\"position\":1,\"name\":\"Home\",\"item\":\"https:\\\/\\\/semillanueva.org\\\/\"},{\"@type\":\"ListItem\",\"position\":2,\"name\":\"Follow Along\"}]},{\"@type\":\"WebSite\",\"@id\":\"https:\\\/\\\/semillanueva.org\\\/#website\",\"url\":\"https:\\\/\\\/semillanueva.org\\\/\",\"name\":\"New Seed\",\"description\":\"New Seed fights malnutrition and poverty with better corn.\",\"potentialAction\":[{\"@type\":\"SearchAction\",\"target\":{\"@type\":\"EntryPoint\",\"urlTemplate\":\"https:\\\/\\\/semillanueva.org\\\/?s={search_term_string}\"},\"query-input\":{\"@type\":\"PropertyValueSpecification\",\"valueRequired\":true,\"valueName\":\"search_term_string\"}}],\"inLanguage\":\"es\"}]}<\/script>\n<!-- \/ Yoast SEO plugin. -->","yoast_head_json":{"title":"Sigue el ejemplo - Nueva semilla","robots":{"index":"index","follow":"follow","max-snippet":"max-snippet:-1","max-image-preview":"max-image-preview:large","max-video-preview":"max-video-preview:-1"},"canonical":"https:\/\/semillanueva.org\/es\/follow-along\/","og_locale":"es_ES","og_type":"article","og_title":"Follow Along - New Seed","og_description":"Let&#8217;s stay in Touch! Every quarter, we share a report about our wins, learnings, and exciting updates in the world of better maize! By signing up for this list, you will receive these reports, invitations to our investor calls, and very occasional emails about New Seed and the big things happening with our work.","og_url":"https:\/\/semillanueva.org\/es\/follow-along\/","og_site_name":"New Seed","article_modified_time":"2025-11-11T21:01:10+00:00","og_image":[{"url":"https:\/\/semillanueva.org\/wp-content\/uploads\/2025\/11\/IMG_6353-scaled.jpg","type":"","width":"","height":""}],"twitter_card":"summary_large_image","schema":{"@context":"https:\/\/schema.org","@graph":[{"@type":"WebPage","@id":"https:\/\/semillanueva.org\/follow-along\/","url":"https:\/\/semillanueva.org\/follow-along\/","name":"Sigue el ejemplo - Nueva semilla","isPartOf":{"@id":"https:\/\/semillanueva.org\/#website"},"primaryImageOfPage":{"@id":"https:\/\/semillanueva.org\/follow-along\/#primaryimage"},"image":{"@id":"https:\/\/semillanueva.org\/follow-along\/#primaryimage"},"thumbnailUrl":"https:\/\/semillanueva.org\/wp-content\/uploads\/2025\/11\/IMG_6353-scaled.jpg","datePublished":"2025-11-11T20:40:53+00:00","dateModified":"2025-11-11T21:01:10+00:00","breadcrumb":{"@id":"https:\/\/semillanueva.org\/follow-along\/#breadcrumb"},"inLanguage":"es","potentialAction":[{"@type":"ReadAction","target":["https:\/\/semillanueva.org\/follow-along\/"]}]},{"@type":"ImageObject","inLanguage":"es","@id":"https:\/\/semillanueva.org\/follow-along\/#primaryimage","url":"https:\/\/semillanueva.org\/wp-content\/uploads\/2025\/11\/IMG_6353-scaled.jpg","contentUrl":"https:\/\/semillanueva.org\/wp-content\/uploads\/2025\/11\/IMG_6353-scaled.jpg"},{"@type":"BreadcrumbList","@id":"https:\/\/semillanueva.org\/follow-along\/#breadcrumb","itemListElement":[{"@type":"ListItem","position":1,"name":"Home","item":"https:\/\/semillanueva.org\/"},{"@type":"ListItem","position":2,"name":"Follow Along"}]},{"@type":"WebSite","@id":"https:\/\/semillanueva.org\/#website","url":"https:\/\/semillanueva.org\/","name":"Semilla nueva","description":"New Seed combate la desnutrici\u00f3n y la pobreza con un ma\u00edz mejorado.","potentialAction":[{"@type":"SearchAction","target":{"@type":"EntryPoint","urlTemplate":"https:\/\/semillanueva.org\/?s={search_term_string}"},"query-input":{"@type":"PropertyValueSpecification","valueRequired":true,"valueName":"search_term_string"}}],"inLanguage":"es"}]}},"_links":{"self":[{"href":"https:\/\/semillanueva.org\/es\/wp-json\/wp\/v2\/pages\/5651","targetHints":{"allow":["GET"]}}],"collection":[{"href":"https:\/\/semillanueva.org\/es\/wp-json\/wp\/v2\/pages"}],"about":[{"href":"https:\/\/semillanueva.org\/es\/wp-json\/wp\/v2\/types\/page"}],"author":[{"embeddable":true,"href":"https:\/\/semillanueva.org\/es\/wp-json\/wp\/v2\/users\/1"}],"replies":[{"embeddable":true,"href":"https:\/\/semillanueva.org\/es\/wp-json\/wp\/v2\/comments?post=5651"}],"version-history":[{"count":0,"href":"https:\/\/semillanueva.org\/es\/wp-json\/wp\/v2\/pages\/5651\/revisions"}],"wp:attachment":[{"href":"https:\/\/semillanueva.org\/es\/wp-json\/wp\/v2\/media?parent=5651"}],"curies":[{"name":"wp","href":"https:\/\/api.w.org\/{rel}","templated":true}]}}