{"id":5587,"date":"2025-08-26T18:36:01","date_gmt":"2025-08-26T18:36:01","guid":{"rendered":"https:\/\/semillanueva.org\/?page_id=5587"},"modified":"2026-02-04T23:30:54","modified_gmt":"2026-02-04T23:30:54","slug":"donate","status":"publish","type":"page","link":"https:\/\/semillanueva.org\/es\/donate\/","title":{"rendered":"Donar"},"content":{"rendered":"<h1>\n\t\t\tDonar\t<\/h1>\n\t<p>Apoye a New Seed utilizando nuestro formulario a continuaci\u00f3n.<\/p>\n<p>Su contribuci\u00f3n deducible de impuestos a New Seed ayudar\u00e1 a las familias agricultoras de Centroam\u00e9rica a combatir la desnutrici\u00f3n, la pobreza y los efectos del cambio clim\u00e1tico mediante semillas de ma\u00edz biofortificadas, nutritivas, de alto rendimiento y sin OGM.<\/p>\n<p><strong>Con tu ayuda, podemos alcanzar nuestro objetivo de ayudar a 60,000 agricultores a alimentar a 2 millones de personas en 2026.<\/strong><\/p>\n<p>Las donaciones son deducibles de impuestos en la medida en que lo permita la ley. New Seed no proporciona ning\u00fan bien o servicio a cambio de contribuciones voluntarias en efectivo.<\/p>\n<p>Para hacer una donaci\u00f3n por correo, por favor haga un cheque a nombre de \u201cSemilla Nueva\u201d y env\u00edelo a: P.O. Box 8643, Boise, ID 83707.<\/p>","protected":false},"excerpt":{"rendered":"<p>Dona Apoya a New Seed utilizando nuestro formulario a continuaci\u00f3n. Tu contribuci\u00f3n deducible de impuestos a New Seed ayudar\u00e1 a las familias agricultoras de Centroam\u00e9rica a combatir la desnutrici\u00f3n, la pobreza y los efectos del cambio clim\u00e1tico mediante semillas de ma\u00edz biofortificadas, nutritivas, de alto rendimiento y sin OGM. Con tu ayuda, podemos alcanzar nuestro objetivo de ayudar a 60,000 agricultores a alimentar a 2 millones de personas en 2026. Las donaciones son...<\/p>","protected":false},"author":1,"featured_media":5378,"parent":0,"menu_order":0,"comment_status":"closed","ping_status":"closed","template":"","meta":{"_acf_changed":false,"footnotes":""},"class_list":["post-5587","page","type-page","status-publish","has-post-thumbnail","hentry"],"acf":[],"yoast_head":"<!-- This site is optimized with the Yoast SEO plugin v27.3 - https:\/\/yoast.com\/product\/yoast-seo-wordpress\/ -->\n<title>Donate - New Seed<\/title>\n<meta name=\"description\" content=\"Contact Semilla Nueva.\" \/>\n<meta name=\"robots\" content=\"index, follow, max-snippet:-1, max-image-preview:large, max-video-preview:-1\" \/>\n<link rel=\"canonical\" href=\"https:\/\/semillanueva.org\/es\/donate\/\" \/>\n<meta property=\"og:locale\" content=\"es_ES\" \/>\n<meta property=\"og:type\" content=\"article\" \/>\n<meta property=\"og:title\" content=\"Donate - New Seed\" \/>\n<meta property=\"og:description\" content=\"Contact Semilla Nueva.\" \/>\n<meta property=\"og:url\" content=\"https:\/\/semillanueva.org\/es\/donate\/\" \/>\n<meta property=\"og:site_name\" content=\"New Seed\" \/>\n<meta property=\"article:modified_time\" content=\"2026-02-04T23:30:54+00:00\" \/>\n<meta property=\"og:image\" content=\"https:\/\/semillanueva.org\/wp-content\/uploads\/2024\/11\/pasted-image-0-1.png\" \/>\n\t<meta property=\"og:image:width\" content=\"819\" \/>\n\t<meta property=\"og:image:height\" content=\"546\" \/>\n\t<meta property=\"og:image:type\" content=\"image\/png\" \/>\n<meta name=\"twitter:card\" content=\"summary_large_image\" \/>\n<meta name=\"twitter:label1\" content=\"Est. reading time\" \/>\n\t<meta name=\"twitter:data1\" content=\"1 minuto\" \/>\n<script type=\"application\/ld+json\" class=\"yoast-schema-graph\">{\"@context\":\"https:\\\/\\\/schema.org\",\"@graph\":[{\"@type\":\"WebPage\",\"@id\":\"https:\\\/\\\/semillanueva.org\\\/donate\\\/\",\"url\":\"https:\\\/\\\/semillanueva.org\\\/donate\\\/\",\"name\":\"Donate - New Seed\",\"isPartOf\":{\"@id\":\"https:\\\/\\\/semillanueva.org\\\/#website\"},\"primaryImageOfPage\":{\"@id\":\"https:\\\/\\\/semillanueva.org\\\/donate\\\/#primaryimage\"},\"image\":{\"@id\":\"https:\\\/\\\/semillanueva.org\\\/donate\\\/#primaryimage\"},\"thumbnailUrl\":\"https:\\\/\\\/semillanueva.org\\\/wp-content\\\/uploads\\\/2024\\\/11\\\/pasted-image-0-1.png\",\"datePublished\":\"2025-08-26T18:36:01+00:00\",\"dateModified\":\"2026-02-04T23:30:54+00:00\",\"description\":\"Contact Semilla Nueva.\",\"breadcrumb\":{\"@id\":\"https:\\\/\\\/semillanueva.org\\\/donate\\\/#breadcrumb\"},\"inLanguage\":\"es\",\"potentialAction\":[{\"@type\":\"ReadAction\",\"target\":[\"https:\\\/\\\/semillanueva.org\\\/donate\\\/\"]}]},{\"@type\":\"ImageObject\",\"inLanguage\":\"es\",\"@id\":\"https:\\\/\\\/semillanueva.org\\\/donate\\\/#primaryimage\",\"url\":\"https:\\\/\\\/semillanueva.org\\\/wp-content\\\/uploads\\\/2024\\\/11\\\/pasted-image-0-1.png\",\"contentUrl\":\"https:\\\/\\\/semillanueva.org\\\/wp-content\\\/uploads\\\/2024\\\/11\\\/pasted-image-0-1.png\",\"width\":819,\"height\":546},{\"@type\":\"BreadcrumbList\",\"@id\":\"https:\\\/\\\/semillanueva.org\\\/donate\\\/#breadcrumb\",\"itemListElement\":[{\"@type\":\"ListItem\",\"position\":1,\"name\":\"Home\",\"item\":\"https:\\\/\\\/semillanueva.org\\\/\"},{\"@type\":\"ListItem\",\"position\":2,\"name\":\"Donate\"}]},{\"@type\":\"WebSite\",\"@id\":\"https:\\\/\\\/semillanueva.org\\\/#website\",\"url\":\"https:\\\/\\\/semillanueva.org\\\/\",\"name\":\"New Seed\",\"description\":\"New Seed fights malnutrition and poverty with better corn.\",\"potentialAction\":[{\"@type\":\"SearchAction\",\"target\":{\"@type\":\"EntryPoint\",\"urlTemplate\":\"https:\\\/\\\/semillanueva.org\\\/?s={search_term_string}\"},\"query-input\":{\"@type\":\"PropertyValueSpecification\",\"valueRequired\":true,\"valueName\":\"search_term_string\"}}],\"inLanguage\":\"es\"}]}<\/script>\n<!-- \/ Yoast SEO plugin. -->","yoast_head_json":{"title":"Donar - New Seed","description":"P\u00f3ngase en contacto con Semilla Nueva.","robots":{"index":"index","follow":"follow","max-snippet":"max-snippet:-1","max-image-preview":"max-image-preview:large","max-video-preview":"max-video-preview:-1"},"canonical":"https:\/\/semillanueva.org\/es\/donate\/","og_locale":"es_ES","og_type":"article","og_title":"Donate - New Seed","og_description":"Contact Semilla Nueva.","og_url":"https:\/\/semillanueva.org\/es\/donate\/","og_site_name":"New Seed","article_modified_time":"2026-02-04T23:30:54+00:00","og_image":[{"width":819,"height":546,"url":"https:\/\/semillanueva.org\/wp-content\/uploads\/2024\/11\/pasted-image-0-1.png","type":"image\/png"}],"twitter_card":"summary_large_image","twitter_misc":{"Est. reading time":"1 minuto"},"schema":{"@context":"https:\/\/schema.org","@graph":[{"@type":"WebPage","@id":"https:\/\/semillanueva.org\/donate\/","url":"https:\/\/semillanueva.org\/donate\/","name":"Donar - New Seed","isPartOf":{"@id":"https:\/\/semillanueva.org\/#website"},"primaryImageOfPage":{"@id":"https:\/\/semillanueva.org\/donate\/#primaryimage"},"image":{"@id":"https:\/\/semillanueva.org\/donate\/#primaryimage"},"thumbnailUrl":"https:\/\/semillanueva.org\/wp-content\/uploads\/2024\/11\/pasted-image-0-1.png","datePublished":"2025-08-26T18:36:01+00:00","dateModified":"2026-02-04T23:30:54+00:00","description":"P\u00f3ngase en contacto con Semilla Nueva.","breadcrumb":{"@id":"https:\/\/semillanueva.org\/donate\/#breadcrumb"},"inLanguage":"es","potentialAction":[{"@type":"ReadAction","target":["https:\/\/semillanueva.org\/donate\/"]}]},{"@type":"ImageObject","inLanguage":"es","@id":"https:\/\/semillanueva.org\/donate\/#primaryimage","url":"https:\/\/semillanueva.org\/wp-content\/uploads\/2024\/11\/pasted-image-0-1.png","contentUrl":"https:\/\/semillanueva.org\/wp-content\/uploads\/2024\/11\/pasted-image-0-1.png","width":819,"height":546},{"@type":"BreadcrumbList","@id":"https:\/\/semillanueva.org\/donate\/#breadcrumb","itemListElement":[{"@type":"ListItem","position":1,"name":"Home","item":"https:\/\/semillanueva.org\/"},{"@type":"ListItem","position":2,"name":"Donate"}]},{"@type":"WebSite","@id":"https:\/\/semillanueva.org\/#website","url":"https:\/\/semillanueva.org\/","name":"Semilla nueva","description":"New Seed combate la desnutrici\u00f3n y la pobreza con un ma\u00edz mejorado.","potentialAction":[{"@type":"SearchAction","target":{"@type":"EntryPoint","urlTemplate":"https:\/\/semillanueva.org\/?s={search_term_string}"},"query-input":{"@type":"PropertyValueSpecification","valueRequired":true,"valueName":"search_term_string"}}],"inLanguage":"es"}]}},"_links":{"self":[{"href":"https:\/\/semillanueva.org\/es\/wp-json\/wp\/v2\/pages\/5587","targetHints":{"allow":["GET"]}}],"collection":[{"href":"https:\/\/semillanueva.org\/es\/wp-json\/wp\/v2\/pages"}],"about":[{"href":"https:\/\/semillanueva.org\/es\/wp-json\/wp\/v2\/types\/page"}],"author":[{"embeddable":true,"href":"https:\/\/semillanueva.org\/es\/wp-json\/wp\/v2\/users\/1"}],"replies":[{"embeddable":true,"href":"https:\/\/semillanueva.org\/es\/wp-json\/wp\/v2\/comments?post=5587"}],"version-history":[{"count":0,"href":"https:\/\/semillanueva.org\/es\/wp-json\/wp\/v2\/pages\/5587\/revisions"}],"wp:featuredmedia":[{"embeddable":true,"href":"https:\/\/semillanueva.org\/es\/wp-json\/wp\/v2\/media\/5378"}],"wp:attachment":[{"href":"https:\/\/semillanueva.org\/es\/wp-json\/wp\/v2\/media?parent=5587"}],"curies":[{"name":"wp","href":"https:\/\/api.w.org\/{rel}","templated":true}]}}