{"id":5031,"date":"2024-10-10T22:55:10","date_gmt":"2024-10-10T22:55:10","guid":{"rendered":"https:\/\/semillanueva.org\/?page_id=5031"},"modified":"2025-12-23T19:56:34","modified_gmt":"2025-12-23T19:56:34","slug":"contact-us","status":"publish","type":"page","link":"https:\/\/semillanueva.org\/es\/contact-us\/","title":{"rendered":"Contacto"},"content":{"rendered":"<h1>\n\t\t\tContacto\t<\/h1>\n\t<p>Env\u00edenos un correo electr\u00f3nico o utilice este formulario y nos pondremos en contacto con usted.<\/p>\n\t<strong>Correo electr\u00f3nico (m\u00e9todo preferido)<\/strong><br \/>\n<a href=\"mailto:info@semillanueva.org\">info@semillanueva.org\u00a0<\/a>\n<strong>Tel\u00e9fono Guatemala<\/strong><br \/>\n+502 2296-4516\n<p>&nbsp;<\/p>\n<strong>Correo: Guatemala<\/strong><br \/>\nV\u00eda 4, 01-00, Zona 4<br \/>\nEdificio Campus Tecnol\u00f3gico<br \/>\nTorre 2, Oficina 1102<br \/>\nGuatemala, Guatemala 01004\n<p>&nbsp;<\/p>\n<strong>Correo postal: EE.UU.<\/strong><br \/>\nSemilla Nueva, que opera bajo el nombre comercial New Seed<br \/>\nApartado de correos 8643<br \/>\nBoise, ID 83707","protected":false},"excerpt":{"rendered":"<p>Cont\u00e1ctenos No dude en enviarnos un correo electr\u00f3nico o utilizar este formulario y nos pondremos en contacto con usted. Correo electr\u00f3nico (m\u00e9todo preferido) info@semillanueva.org Tel\u00e9fono: Guatemala +502 2296-4516 Correo postal: Guatemala V\u00eda 4, 01-00, Zona 4 Edificio Campus Tecnol\u00f3gico Torre 2, Oficina 1102 Guatemala, Guatemala 01004 Correo postal: EE. UU. Semilla Nueva dba New Seed P.O.\u2026<\/p>","protected":false},"author":1,"featured_media":5378,"parent":0,"menu_order":0,"comment_status":"closed","ping_status":"closed","template":"","meta":{"_acf_changed":false,"footnotes":""},"class_list":["post-5031","page","type-page","status-publish","has-post-thumbnail","hentry"],"acf":[],"yoast_head":"<!-- This site is optimized with the Yoast SEO plugin v27.3 - https:\/\/yoast.com\/product\/yoast-seo-wordpress\/ -->\n<title>Contact Us - New Seed<\/title>\n<meta name=\"description\" content=\"Contact Semilla Nueva.\" \/>\n<meta name=\"robots\" content=\"index, follow, max-snippet:-1, max-image-preview:large, max-video-preview:-1\" \/>\n<link rel=\"canonical\" href=\"https:\/\/semillanueva.org\/es\/contact-us\/\" \/>\n<meta property=\"og:locale\" content=\"es_ES\" \/>\n<meta property=\"og:type\" content=\"article\" \/>\n<meta property=\"og:title\" content=\"Contact Us - New Seed\" \/>\n<meta property=\"og:description\" content=\"Contact Semilla Nueva.\" \/>\n<meta property=\"og:url\" content=\"https:\/\/semillanueva.org\/es\/contact-us\/\" \/>\n<meta property=\"og:site_name\" content=\"New Seed\" \/>\n<meta property=\"article:modified_time\" content=\"2025-12-23T19:56:34+00:00\" \/>\n<meta property=\"og:image\" content=\"https:\/\/semillanueva.org\/wp-content\/uploads\/2024\/11\/pasted-image-0-1.png\" \/>\n\t<meta property=\"og:image:width\" content=\"819\" \/>\n\t<meta property=\"og:image:height\" content=\"546\" \/>\n\t<meta property=\"og:image:type\" content=\"image\/png\" \/>\n<meta name=\"twitter:card\" content=\"summary_large_image\" \/>\n<meta name=\"twitter:label1\" content=\"Est. reading time\" \/>\n\t<meta name=\"twitter:data1\" content=\"1 minuto\" \/>\n<script type=\"application\/ld+json\" class=\"yoast-schema-graph\">{\"@context\":\"https:\\\/\\\/schema.org\",\"@graph\":[{\"@type\":\"WebPage\",\"@id\":\"https:\\\/\\\/semillanueva.org\\\/contact-us\\\/\",\"url\":\"https:\\\/\\\/semillanueva.org\\\/contact-us\\\/\",\"name\":\"Contact Us - New Seed\",\"isPartOf\":{\"@id\":\"https:\\\/\\\/semillanueva.org\\\/#website\"},\"primaryImageOfPage\":{\"@id\":\"https:\\\/\\\/semillanueva.org\\\/contact-us\\\/#primaryimage\"},\"image\":{\"@id\":\"https:\\\/\\\/semillanueva.org\\\/contact-us\\\/#primaryimage\"},\"thumbnailUrl\":\"https:\\\/\\\/semillanueva.org\\\/wp-content\\\/uploads\\\/2024\\\/11\\\/pasted-image-0-1.png\",\"datePublished\":\"2024-10-10T22:55:10+00:00\",\"dateModified\":\"2025-12-23T19:56:34+00:00\",\"description\":\"Contact Semilla Nueva.\",\"breadcrumb\":{\"@id\":\"https:\\\/\\\/semillanueva.org\\\/contact-us\\\/#breadcrumb\"},\"inLanguage\":\"es\",\"potentialAction\":[{\"@type\":\"ReadAction\",\"target\":[\"https:\\\/\\\/semillanueva.org\\\/contact-us\\\/\"]}]},{\"@type\":\"ImageObject\",\"inLanguage\":\"es\",\"@id\":\"https:\\\/\\\/semillanueva.org\\\/contact-us\\\/#primaryimage\",\"url\":\"https:\\\/\\\/semillanueva.org\\\/wp-content\\\/uploads\\\/2024\\\/11\\\/pasted-image-0-1.png\",\"contentUrl\":\"https:\\\/\\\/semillanueva.org\\\/wp-content\\\/uploads\\\/2024\\\/11\\\/pasted-image-0-1.png\",\"width\":819,\"height\":546},{\"@type\":\"BreadcrumbList\",\"@id\":\"https:\\\/\\\/semillanueva.org\\\/contact-us\\\/#breadcrumb\",\"itemListElement\":[{\"@type\":\"ListItem\",\"position\":1,\"name\":\"Home\",\"item\":\"https:\\\/\\\/semillanueva.org\\\/\"},{\"@type\":\"ListItem\",\"position\":2,\"name\":\"Contact Us\"}]},{\"@type\":\"WebSite\",\"@id\":\"https:\\\/\\\/semillanueva.org\\\/#website\",\"url\":\"https:\\\/\\\/semillanueva.org\\\/\",\"name\":\"New Seed\",\"description\":\"New Seed fights malnutrition and poverty with better corn.\",\"potentialAction\":[{\"@type\":\"SearchAction\",\"target\":{\"@type\":\"EntryPoint\",\"urlTemplate\":\"https:\\\/\\\/semillanueva.org\\\/?s={search_term_string}\"},\"query-input\":{\"@type\":\"PropertyValueSpecification\",\"valueRequired\":true,\"valueName\":\"search_term_string\"}}],\"inLanguage\":\"es\"}]}<\/script>\n<!-- \/ Yoast SEO plugin. -->","yoast_head_json":{"title":"Cont\u00e1ctenos - New Seed","description":"P\u00f3ngase en contacto con Semilla Nueva.","robots":{"index":"index","follow":"follow","max-snippet":"max-snippet:-1","max-image-preview":"max-image-preview:large","max-video-preview":"max-video-preview:-1"},"canonical":"https:\/\/semillanueva.org\/es\/contact-us\/","og_locale":"es_ES","og_type":"article","og_title":"Contact Us - New Seed","og_description":"Contact Semilla Nueva.","og_url":"https:\/\/semillanueva.org\/es\/contact-us\/","og_site_name":"New Seed","article_modified_time":"2025-12-23T19:56:34+00:00","og_image":[{"width":819,"height":546,"url":"https:\/\/semillanueva.org\/wp-content\/uploads\/2024\/11\/pasted-image-0-1.png","type":"image\/png"}],"twitter_card":"summary_large_image","twitter_misc":{"Est. reading time":"1 minuto"},"schema":{"@context":"https:\/\/schema.org","@graph":[{"@type":"WebPage","@id":"https:\/\/semillanueva.org\/contact-us\/","url":"https:\/\/semillanueva.org\/contact-us\/","name":"Cont\u00e1ctenos - New Seed","isPartOf":{"@id":"https:\/\/semillanueva.org\/#website"},"primaryImageOfPage":{"@id":"https:\/\/semillanueva.org\/contact-us\/#primaryimage"},"image":{"@id":"https:\/\/semillanueva.org\/contact-us\/#primaryimage"},"thumbnailUrl":"https:\/\/semillanueva.org\/wp-content\/uploads\/2024\/11\/pasted-image-0-1.png","datePublished":"2024-10-10T22:55:10+00:00","dateModified":"2025-12-23T19:56:34+00:00","description":"P\u00f3ngase en contacto con Semilla Nueva.","breadcrumb":{"@id":"https:\/\/semillanueva.org\/contact-us\/#breadcrumb"},"inLanguage":"es","potentialAction":[{"@type":"ReadAction","target":["https:\/\/semillanueva.org\/contact-us\/"]}]},{"@type":"ImageObject","inLanguage":"es","@id":"https:\/\/semillanueva.org\/contact-us\/#primaryimage","url":"https:\/\/semillanueva.org\/wp-content\/uploads\/2024\/11\/pasted-image-0-1.png","contentUrl":"https:\/\/semillanueva.org\/wp-content\/uploads\/2024\/11\/pasted-image-0-1.png","width":819,"height":546},{"@type":"BreadcrumbList","@id":"https:\/\/semillanueva.org\/contact-us\/#breadcrumb","itemListElement":[{"@type":"ListItem","position":1,"name":"Home","item":"https:\/\/semillanueva.org\/"},{"@type":"ListItem","position":2,"name":"Contact Us"}]},{"@type":"WebSite","@id":"https:\/\/semillanueva.org\/#website","url":"https:\/\/semillanueva.org\/","name":"Semilla nueva","description":"New Seed combate la desnutrici\u00f3n y la pobreza con un ma\u00edz mejorado.","potentialAction":[{"@type":"SearchAction","target":{"@type":"EntryPoint","urlTemplate":"https:\/\/semillanueva.org\/?s={search_term_string}"},"query-input":{"@type":"PropertyValueSpecification","valueRequired":true,"valueName":"search_term_string"}}],"inLanguage":"es"}]}},"_links":{"self":[{"href":"https:\/\/semillanueva.org\/es\/wp-json\/wp\/v2\/pages\/5031","targetHints":{"allow":["GET"]}}],"collection":[{"href":"https:\/\/semillanueva.org\/es\/wp-json\/wp\/v2\/pages"}],"about":[{"href":"https:\/\/semillanueva.org\/es\/wp-json\/wp\/v2\/types\/page"}],"author":[{"embeddable":true,"href":"https:\/\/semillanueva.org\/es\/wp-json\/wp\/v2\/users\/1"}],"replies":[{"embeddable":true,"href":"https:\/\/semillanueva.org\/es\/wp-json\/wp\/v2\/comments?post=5031"}],"version-history":[{"count":0,"href":"https:\/\/semillanueva.org\/es\/wp-json\/wp\/v2\/pages\/5031\/revisions"}],"wp:featuredmedia":[{"embeddable":true,"href":"https:\/\/semillanueva.org\/es\/wp-json\/wp\/v2\/media\/5378"}],"wp:attachment":[{"href":"https:\/\/semillanueva.org\/es\/wp-json\/wp\/v2\/media?parent=5031"}],"curies":[{"name":"wp","href":"https:\/\/api.w.org\/{rel}","templated":true}]}}