{"id":5021,"date":"2024-10-10T22:53:12","date_gmt":"2024-10-10T22:53:12","guid":{"rendered":"https:\/\/semillanueva.org\/?page_id=5021"},"modified":"2024-11-25T17:16:08","modified_gmt":"2024-11-25T17:16:08","slug":"livelihoods","status":"publish","type":"page","link":"https:\/\/semillanueva.org\/es\/old-pages\/our-work\/livelihoods\/","title":{"rendered":"Medios de Vida"},"content":{"rendered":"<h1>\r\n\t\tMEDIOS DE VIDA\r\n\t<\/h1>\r\n<h2>\r\n\t\tEL PROBLEMA\r\n\t<\/h2>\r\n\t<p>La mayor\u00eda de los agricultores pobres solo cultivan ma\u00edz para su propio consumo. No producen lo suficiente como para venderlo y obtener ingresos. Las personas m\u00e1s pobres de Am\u00e9rica Central y el \u00c1frica subsahariana suelen ser agricultores de ma\u00edz.<\/p>\r\n<p>Cada a\u00f1o se desarrollan nuevas semillas que podr\u00edan ayudar a los agricultores a duplicar con creces su rendimiento, mejorar su seguridad alimentaria y generar ingresos.<\/p>\r\n<p>La mayor\u00eda de los agricultores pobres no tienen acceso a estas semillas y no pueden pagarlas.<\/p>\r\n<h2>\r\n\t\tNUESTRA SOLUCI\u00d3N\r\n\t<\/h2>\r\n\t<ol>\r\n<li>Desarrollamos nuevas semillas muy nutritivas, de alto rendimiento y resistentes a los efectos del clima.<\/li>\r\n<li>Vendemos estas semillas a precios reducidos y prestamos apoyo financiero a empresas locales de semillas de propiedad familiar para que hagan lo mismo.<\/li>\r\n<li>Despu\u00e9s, trabajamos con los gobiernos locales para que estos programas de subvenciones sean sostenibles a largo plazo.<\/li>\r\n<\/ol>\r\n<h2>\r\n\t\tNUESTRO IMPACTO\r\n\t<\/h2>\r\n\t<ul>\r\n<li>En 2023, m\u00e1s de 24,578 agricultores utilizaron nuestras semillas, lo que representa el 21 % de los agricultores de Guatemala.<\/li>\r\n<\/ul>\r\n<p>&nbsp;<\/p>\r\n<ul>\r\n<li>En promedio, los agricultores ganaron $182 m\u00e1s, lo que supone un aumento de 87% en sus ingresos.<\/li>\r\n<\/ul>\r\n<p>&nbsp;<\/p>\r\n<ul>\r\n<li>18% de los agricultores que compraron normalmente no compran semillas. Pudieron permit\u00edrselas gracias a los precios m\u00e1s bajos.<\/li>\r\n<\/ul>\r\n<p>&nbsp;<\/p>\r\n<ul>\r\n<li>En 2022, una empresa de semillas necesit\u00f3 $19 de ayuda de Semilla Nueva para llegar a una nueva familia con nuestras semillas mejoradas.<\/li>\r\n<\/ul>\r\n\t\t\t\t\t\t\t\t\t\t\t\t\t\t\t\t\t<a href=\"https:\/\/semillanueva.org\/es\/who-we-are\/what-we-do\/\" target=\"_self\" rel=\"noopener\">\r\n\t\t\t\t\t\t\t\t\t\t\t\t\t\t\t\t\t\t\t\t\t\t\t\t\t\t\t\t\t\t\t\t\t\t\t\t\t\t\t\t\t\t\t\t\t\t\t\t\t\t\t\t\t\t\t\t\t\t\t\t\t\t\t\t\t<p>\u00bfQu\u00e9 Hacemos?<\/p> \t\t\t\t\t\t\t\t\t\t\t\t\t\t\t\t\t\t\t\t\t\t\t\t\t\t\t\t\t\r\n\t\t\t\t\t\t\t\t\t\t\t\t\t\t\t\t\t<\/a>\r\n\t\t\t\t\t\t\t\t\t\t\t\t\t\t\t\t\t<a href=\"https:\/\/semillanueva.org\/es\/our-work\/where-do-we-work\/\" target=\"_self\" rel=\"noopener\">\r\n\t\t\t\t\t\t\t\t\t\t\t\t\t\t\t\t\t\t\t\t\t\t\t\t\t\t\t\t\t\t\t\t\t\t\t\t\t\t\t\t\t\t\t\t\t\t\t\t\t\t\t\t\t\t\t\t\t\t\t\t\t\t\t\t\t<p>\u00bfD\u00f3nde Trabajamos?<\/p> \t\t\t\t\t\t\t\t\t\t\t\t\t\t\t\t\t\t\t\t\t\t\t\t\t\t\t\t\t\r\n\t\t\t\t\t\t\t\t\t\t\t\t\t\t\t\t\t<\/a>\r\n\t\t\t\t\t\t\t\t\t\t\t\t\t\t\t\t\t<a href=\"https:\/\/semillanueva.org\/es\/our-work\/nutrition\/\" target=\"_self\" rel=\"noopener\">\r\n\t\t\t\t\t\t\t\t\t\t\t\t\t\t\t\t\t\t\t\t\t\t\t\t\t\t\t\t\t\t\t\t\t\t\t\t\t\t\t\t\t\t\t\t\t\t\t\t\t\t\t\t\t\t\t\t\t\t\t\t\t\t\t\t\t<p>Nutrici\u00f3n<\/p> \t\t\t\t\t\t\t\t\t\t\t\t\t\t\t\t\t\t\t\t\t\t\t\t\t\t\t\t\t\r\n\t\t\t\t\t\t\t\t\t\t\t\t\t\t\t\t\t<\/a>\r\n\t\t\t\t\t\t\t\t\t\t\t\t\t\t\t\t\t<a href=\"https:\/\/semillanueva.org\/es\/our-work\/livelihoods\/\" target=\"_self\" rel=\"noopener\">\r\n\t\t\t\t\t\t\t\t\t\t\t\t\t\t\t\t\t\t\t\t\t\t\t\t\t\t\t\t\t\t\t\t\t\t\t\t\t\t\t\t\t\t\t\t\t\t\t\t\t\t\t\t\t\t\t\t\t\t\t\t\t\t\t\t\t<p>Medios de Vida<\/p> \t\t\t\t\t\t\t\t\t\t\t\t\t\t\t\t\t\t\t\t\t\t\t\t\t\t\t\t\t\r\n\t\t\t\t\t\t\t\t\t\t\t\t\t\t\t\t\t<\/a>\r\n\t\t\t\t\t\t\t\t\t\t\t\t\t\t\t\t\t<a href=\"https:\/\/semillanueva.org\/es\/our-work\/climate\/\" target=\"_self\" rel=\"noopener\">\r\n\t\t\t\t\t\t\t\t\t\t\t\t\t\t\t\t\t\t\t\t\t\t\t\t\t\t\t\t\t\t\t\t\t\t\t\t\t\t\t\t\t\t\t\t\t\t\t\t\t\t\t\t\t\t\t\t\t\t\t\t\t\t\t\t\t<p>Resiliencia Clim\u00e1tica<\/p> \t\t\t\t\t\t\t\t\t\t\t\t\t\t\t\t\t\t\t\t\t\t\t\t\t\t\t\t\t\r\n\t\t\t\t\t\t\t\t\t\t\t\t\t\t\t\t\t<\/a>\r\n\t\t\t\t\t\t\t\t\t\t\t\t\t\t\t\t\t<a href=\"https:\/\/semillanueva.org\/es\/our-work\/frequently-asked-questions\/\" target=\"_self\" rel=\"noopener\">\r\n\t\t\t\t\t\t\t\t\t\t\t\t\t\t\t\t\t\t\t\t\t\t\t\t\t\t\t\t\t\t\t\t\t\t\t\t\t\t\t\t\t\t\t\t\t\t\t\t\t\t\t\t\t\t\t\t\t\t\t\t\t\t\t\t\t<p>Preguntas Frecuentes<\/p> \t\t\t\t\t\t\t\t\t\t\t\t\t\t\t\t\t\t\t\t\t\t\t\t\t\t\t\t\t\r\n\t\t\t\t\t\t\t\t\t\t\t\t\t\t\t\t\t<\/a>","protected":false},"excerpt":{"rendered":"<p>MEDIOS DE VIDA EL PROBLEMA La mayor\u00eda de los agricultores pobres solo cultivan ma\u00edz para su propio consumo. No producen lo suficiente como para venderlo y obtener ingresos. Las personas m\u00e1s pobres de Am\u00e9rica Central y el \u00c1frica subsahariana suelen ser agricultores de ma\u00edz. Cada a\u00f1o se desarrollan nuevas semillas que podr\u00edan ayudar a los agricultores a duplicar con creces sus rendimientos, mejorar su...<\/p>","protected":false},"author":1,"featured_media":5158,"parent":5032,"menu_order":0,"comment_status":"closed","ping_status":"closed","template":"","meta":{"_acf_changed":false,"footnotes":""},"class_list":["post-5021","page","type-page","status-publish","has-post-thumbnail","hentry"],"acf":[],"yoast_head":"<!-- This site is optimized with the Yoast SEO plugin v27.4 - https:\/\/yoast.com\/product\/yoast-seo-wordpress\/ -->\n<title>Livelihoods - New Seed<\/title>\n<meta name=\"description\" content=\"New seeds are being developed every year that could help farmers more than double their yields, improve their food security, and generate an income.\" \/>\n<meta name=\"robots\" content=\"index, follow, max-snippet:-1, max-image-preview:large, max-video-preview:-1\" \/>\n<link rel=\"canonical\" href=\"https:\/\/semillanueva.org\/es\/old-pages\/our-work\/livelihoods\/\" \/>\n<meta property=\"og:locale\" content=\"es_ES\" \/>\n<meta property=\"og:type\" content=\"article\" \/>\n<meta property=\"og:title\" content=\"Livelihoods - New Seed\" \/>\n<meta property=\"og:description\" content=\"New seeds are being developed every year that could help farmers more than double their yields, improve their food security, and generate an income.\" \/>\n<meta property=\"og:url\" content=\"https:\/\/semillanueva.org\/es\/old-pages\/our-work\/livelihoods\/\" \/>\n<meta property=\"og:site_name\" content=\"New Seed\" \/>\n<meta property=\"article:modified_time\" content=\"2024-11-25T17:16:08+00:00\" \/>\n<meta property=\"og:image\" content=\"https:\/\/semillanueva.org\/wp-content\/uploads\/2024\/11\/IMG_7893-1200x800-1.jpg\" \/>\n\t<meta property=\"og:image:width\" content=\"1200\" \/>\n\t<meta property=\"og:image:height\" content=\"800\" \/>\n\t<meta property=\"og:image:type\" content=\"image\/jpeg\" \/>\n<meta name=\"twitter:card\" content=\"summary_large_image\" \/>\n<meta name=\"twitter:label1\" content=\"Est. reading time\" \/>\n\t<meta name=\"twitter:data1\" content=\"1 minuto\" \/>\n<script type=\"application\/ld+json\" class=\"yoast-schema-graph\">{\"@context\":\"https:\\\/\\\/schema.org\",\"@graph\":[{\"@type\":\"WebPage\",\"@id\":\"https:\\\/\\\/semillanueva.org\\\/old-pages\\\/our-work\\\/livelihoods\\\/\",\"url\":\"https:\\\/\\\/semillanueva.org\\\/old-pages\\\/our-work\\\/livelihoods\\\/\",\"name\":\"Livelihoods - New Seed\",\"isPartOf\":{\"@id\":\"https:\\\/\\\/semillanueva.org\\\/#website\"},\"primaryImageOfPage\":{\"@id\":\"https:\\\/\\\/semillanueva.org\\\/old-pages\\\/our-work\\\/livelihoods\\\/#primaryimage\"},\"image\":{\"@id\":\"https:\\\/\\\/semillanueva.org\\\/old-pages\\\/our-work\\\/livelihoods\\\/#primaryimage\"},\"thumbnailUrl\":\"https:\\\/\\\/semillanueva.org\\\/wp-content\\\/uploads\\\/2024\\\/11\\\/IMG_7893-1200x800-1.jpg\",\"datePublished\":\"2024-10-10T22:53:12+00:00\",\"dateModified\":\"2024-11-25T17:16:08+00:00\",\"description\":\"New seeds are being developed every year that could help farmers more than double their yields, improve their food security, and generate an income.\",\"breadcrumb\":{\"@id\":\"https:\\\/\\\/semillanueva.org\\\/old-pages\\\/our-work\\\/livelihoods\\\/#breadcrumb\"},\"inLanguage\":\"es\",\"potentialAction\":[{\"@type\":\"ReadAction\",\"target\":[\"https:\\\/\\\/semillanueva.org\\\/old-pages\\\/our-work\\\/livelihoods\\\/\"]}]},{\"@type\":\"ImageObject\",\"inLanguage\":\"es\",\"@id\":\"https:\\\/\\\/semillanueva.org\\\/old-pages\\\/our-work\\\/livelihoods\\\/#primaryimage\",\"url\":\"https:\\\/\\\/semillanueva.org\\\/wp-content\\\/uploads\\\/2024\\\/11\\\/IMG_7893-1200x800-1.jpg\",\"contentUrl\":\"https:\\\/\\\/semillanueva.org\\\/wp-content\\\/uploads\\\/2024\\\/11\\\/IMG_7893-1200x800-1.jpg\",\"width\":1200,\"height\":800},{\"@type\":\"BreadcrumbList\",\"@id\":\"https:\\\/\\\/semillanueva.org\\\/old-pages\\\/our-work\\\/livelihoods\\\/#breadcrumb\",\"itemListElement\":[{\"@type\":\"ListItem\",\"position\":1,\"name\":\"Home\",\"item\":\"https:\\\/\\\/semillanueva.org\\\/\"},{\"@type\":\"ListItem\",\"position\":2,\"name\":\"Z &#8211; Old Pages\",\"item\":\"https:\\\/\\\/semillanueva.org\\\/old-pages\\\/\"},{\"@type\":\"ListItem\",\"position\":3,\"name\":\"Our Work\",\"item\":\"https:\\\/\\\/semillanueva.org\\\/?page_id=5032\"},{\"@type\":\"ListItem\",\"position\":4,\"name\":\"Livelihoods\"}]},{\"@type\":\"WebSite\",\"@id\":\"https:\\\/\\\/semillanueva.org\\\/#website\",\"url\":\"https:\\\/\\\/semillanueva.org\\\/\",\"name\":\"New Seed\",\"description\":\"New Seed fights malnutrition and poverty with better corn.\",\"potentialAction\":[{\"@type\":\"SearchAction\",\"target\":{\"@type\":\"EntryPoint\",\"urlTemplate\":\"https:\\\/\\\/semillanueva.org\\\/?s={search_term_string}\"},\"query-input\":{\"@type\":\"PropertyValueSpecification\",\"valueRequired\":true,\"valueName\":\"search_term_string\"}}],\"inLanguage\":\"es\"}]}<\/script>\n<!-- \/ Yoast SEO plugin. -->","yoast_head_json":{"title":"Medios de vida - Nueva semilla","description":"Cada a\u00f1o se desarrollan nuevas semillas que podr\u00edan ayudar a los agricultores a duplicar con creces su rendimiento, mejorar su seguridad alimentaria y generar ingresos.","robots":{"index":"index","follow":"follow","max-snippet":"max-snippet:-1","max-image-preview":"max-image-preview:large","max-video-preview":"max-video-preview:-1"},"canonical":"https:\/\/semillanueva.org\/es\/old-pages\/our-work\/livelihoods\/","og_locale":"es_ES","og_type":"article","og_title":"Livelihoods - New Seed","og_description":"New seeds are being developed every year that could help farmers more than double their yields, improve their food security, and generate an income.","og_url":"https:\/\/semillanueva.org\/es\/old-pages\/our-work\/livelihoods\/","og_site_name":"New Seed","article_modified_time":"2024-11-25T17:16:08+00:00","og_image":[{"width":1200,"height":800,"url":"https:\/\/semillanueva.org\/wp-content\/uploads\/2024\/11\/IMG_7893-1200x800-1.jpg","type":"image\/jpeg"}],"twitter_card":"summary_large_image","twitter_misc":{"Est. reading time":"1 minuto"},"schema":{"@context":"https:\/\/schema.org","@graph":[{"@type":"WebPage","@id":"https:\/\/semillanueva.org\/old-pages\/our-work\/livelihoods\/","url":"https:\/\/semillanueva.org\/old-pages\/our-work\/livelihoods\/","name":"Medios de vida - Nueva semilla","isPartOf":{"@id":"https:\/\/semillanueva.org\/#website"},"primaryImageOfPage":{"@id":"https:\/\/semillanueva.org\/old-pages\/our-work\/livelihoods\/#primaryimage"},"image":{"@id":"https:\/\/semillanueva.org\/old-pages\/our-work\/livelihoods\/#primaryimage"},"thumbnailUrl":"https:\/\/semillanueva.org\/wp-content\/uploads\/2024\/11\/IMG_7893-1200x800-1.jpg","datePublished":"2024-10-10T22:53:12+00:00","dateModified":"2024-11-25T17:16:08+00:00","description":"Cada a\u00f1o se desarrollan nuevas semillas que podr\u00edan ayudar a los agricultores a duplicar con creces su rendimiento, mejorar su seguridad alimentaria y generar ingresos.","breadcrumb":{"@id":"https:\/\/semillanueva.org\/old-pages\/our-work\/livelihoods\/#breadcrumb"},"inLanguage":"es","potentialAction":[{"@type":"ReadAction","target":["https:\/\/semillanueva.org\/old-pages\/our-work\/livelihoods\/"]}]},{"@type":"ImageObject","inLanguage":"es","@id":"https:\/\/semillanueva.org\/old-pages\/our-work\/livelihoods\/#primaryimage","url":"https:\/\/semillanueva.org\/wp-content\/uploads\/2024\/11\/IMG_7893-1200x800-1.jpg","contentUrl":"https:\/\/semillanueva.org\/wp-content\/uploads\/2024\/11\/IMG_7893-1200x800-1.jpg","width":1200,"height":800},{"@type":"BreadcrumbList","@id":"https:\/\/semillanueva.org\/old-pages\/our-work\/livelihoods\/#breadcrumb","itemListElement":[{"@type":"ListItem","position":1,"name":"Home","item":"https:\/\/semillanueva.org\/"},{"@type":"ListItem","position":2,"name":"Z &#8211; Old Pages","item":"https:\/\/semillanueva.org\/old-pages\/"},{"@type":"ListItem","position":3,"name":"Our Work","item":"https:\/\/semillanueva.org\/?page_id=5032"},{"@type":"ListItem","position":4,"name":"Livelihoods"}]},{"@type":"WebSite","@id":"https:\/\/semillanueva.org\/#website","url":"https:\/\/semillanueva.org\/","name":"Semilla nueva","description":"New Seed combate la desnutrici\u00f3n y la pobreza con un ma\u00edz mejorado.","potentialAction":[{"@type":"SearchAction","target":{"@type":"EntryPoint","urlTemplate":"https:\/\/semillanueva.org\/?s={search_term_string}"},"query-input":{"@type":"PropertyValueSpecification","valueRequired":true,"valueName":"search_term_string"}}],"inLanguage":"es"}]}},"_links":{"self":[{"href":"https:\/\/semillanueva.org\/es\/wp-json\/wp\/v2\/pages\/5021","targetHints":{"allow":["GET"]}}],"collection":[{"href":"https:\/\/semillanueva.org\/es\/wp-json\/wp\/v2\/pages"}],"about":[{"href":"https:\/\/semillanueva.org\/es\/wp-json\/wp\/v2\/types\/page"}],"author":[{"embeddable":true,"href":"https:\/\/semillanueva.org\/es\/wp-json\/wp\/v2\/users\/1"}],"replies":[{"embeddable":true,"href":"https:\/\/semillanueva.org\/es\/wp-json\/wp\/v2\/comments?post=5021"}],"version-history":[{"count":0,"href":"https:\/\/semillanueva.org\/es\/wp-json\/wp\/v2\/pages\/5021\/revisions"}],"up":[{"embeddable":true,"href":"https:\/\/semillanueva.org\/es\/wp-json\/wp\/v2\/pages\/5032"}],"wp:featuredmedia":[{"embeddable":true,"href":"https:\/\/semillanueva.org\/es\/wp-json\/wp\/v2\/media\/5158"}],"wp:attachment":[{"href":"https:\/\/semillanueva.org\/es\/wp-json\/wp\/v2\/media?parent=5021"}],"curies":[{"name":"wp","href":"https:\/\/api.w.org\/{rel}","templated":true}]}}