{"id":6020,"date":"2026-01-20T15:46:13","date_gmt":"2026-01-20T15:46:13","guid":{"rendered":"https:\/\/semillanueva.org\/?page_id=6020"},"modified":"2026-02-02T16:12:25","modified_gmt":"2026-02-02T16:12:25","slug":"financials","status":"publish","type":"page","link":"http:\/\/semillanueva.org\/es\/who-we-are\/financials\/","title":{"rendered":"Finanzas"},"content":{"rendered":"<h2>\n\t\t\tInformes financieros\t<\/h2>\n\t<p>Si tiene alguna pregunta sobre las finanzas de Semilla Nueva o desea acceder a nuestro informe de auditor\u00eda completo, env\u00ede un correo electr\u00f3nico a <a href=\"mailto:estebanfernandez@semillanueva.org\" target=\"_blank\" rel=\"noreferrer noopener\">estebanfernandez@semillanueva.org<\/a><\/p>\n\t\t\t<a href=\"https:\/\/semillanueva.org\/wp-content\/uploads\/2025\/11\/Form990Package-FY-2024.pdf\"  target=\"_blank\" rel=\"noopener\">\n\t\t\t\t\t\t\tSemilla Nueva 2024 Formulario 990\n\t\t\t\t\t<\/a>\n\t\t\t<a href=\"https:\/\/semillanueva.org\/wp-content\/uploads\/2025\/05\/Audit-Report-SEN-2024_Public.pdf\"  target=\"_blank\" rel=\"noopener\">\n\t\t\t\t\t\t\tNuevo Informe de Auditor\u00eda de Semillas 2024 \n\t\t\t\t\t<\/a>\n\t\t\t<a href=\"https:\/\/semillanueva.org\/wp-content\/uploads\/2026\/01\/Semilla-Nueva-Form990Package-FY-2023.pdf\"  target=\"_blank\" rel=\"noopener\">\n\t\t\t\t\t\t\tSemilla Nueva 2023 Formulario 990\n\t\t\t\t\t<\/a>\n\t\t\t<a href=\"https:\/\/semillanueva.org\/wp-content\/uploads\/2026\/01\/SN-AUDIT-REPORT-2023.pdf\"  target=\"_blank\" rel=\"noopener\">\n\t\t\t\t\t\t\tInforme de auditor\u00eda de Semilla Nueva 2023 \n\t\t\t\t\t<\/a>\n\t\t\t<a href=\"https:\/\/semillanueva.org\/wp-content\/uploads\/2026\/01\/Semilla-Nueva-Form990Package-FY-2022.pdf\"  target=\"_blank\" rel=\"noopener\">\n\t\t\t\t\t\t\tSemilla Nueva 2022 Formulario 990\n\t\t\t\t\t<\/a>\n\t\t\t<a href=\"https:\/\/semillanueva.org\/wp-content\/uploads\/2026\/01\/SN-AUDIT-REPORT-2022.pdf\"  target=\"_blank\" rel=\"noopener\">\n\t\t\t\t\t\t\tInforme de auditor\u00eda de Semilla Nueva 2022 \n\t\t\t\t\t<\/a>\n\t\t\t<a href=\"https:\/\/semillanueva.org\/wp-content\/uploads\/2026\/01\/Semilla-Nueva-Form990Package-FY-2021.pdf\"  target=\"_blank\" rel=\"noopener\">\n\t\t\t\t\t\t\tSemilla Nueva 2021 Formulario 990\n\t\t\t\t\t<\/a>\n\t\t\t<a href=\"https:\/\/semillanueva.org\/wp-content\/uploads\/2026\/01\/SN-AUDIT-REPORT-2021.pdf\"  target=\"_blank\" rel=\"noopener\">\n\t\t\t\t\t\t\tInforme de auditor\u00eda de Semilla Nueva 2021\n\t\t\t\t\t<\/a>\n\t\t\t<a href=\"https:\/\/semillanueva.org\/wp-content\/uploads\/2026\/01\/Semilla-Nueva-Form990Package-FY-2020.pdf\"  target=\"_blank\" rel=\"noopener\">\n\t\t\t\t\t\t\tSemilla Nueva 2020 Formulario 990\n\t\t\t\t\t<\/a>\n\t\t\t<a href=\"https:\/\/semillanueva.org\/wp-content\/uploads\/2026\/01\/SN-AUDIT-REPORT-2020.pdf\"  target=\"_blank\" rel=\"noopener\">\n\t\t\t\t\t\t\tInforme de auditor\u00eda de Semilla Nueva 2020\n\t\t\t\t\t<\/a>\n\t\t\t<a href=\"https:\/\/semillanueva.org\/wp-content\/uploads\/2026\/01\/Semilla-Nueva-Form-990Package-2019.pdf\"  target=\"_blank\" rel=\"noopener\">\n\t\t\t\t\t\t\tSemilla Nueva 2019 Formulario 990\n\t\t\t\t\t<\/a>\n\t\t\t<a href=\"https:\/\/semillanueva.org\/wp-content\/uploads\/2026\/01\/SN-AUDIT-REPORT-2019.pdf\"  target=\"_blank\" rel=\"noopener\">\n\t\t\t\t\t\t\tInforme de auditor\u00eda de Semilla Nueva 2019\n\t\t\t\t\t<\/a>","protected":false},"excerpt":{"rendered":"<p>Informes financieros Si tiene alguna pregunta sobre las finanzas de Semilla Nueva o desea acceder a nuestro informe de auditor\u00eda completo, env\u00ede un correo electr\u00f3nico a estebanfernandez@semillanueva.org Semilla Nueva 2024 Formulario 990 Informe de auditor\u00eda de Semilla Nueva 2024 Semilla Nueva 2023 Formulario 990 Informe de auditor\u00eda de Semilla Nueva 2023 Semilla Nueva 2022 Formulario 990 Informe de auditor\u00eda de Semilla Nueva 2022...<\/p>","protected":false},"author":4,"featured_media":5156,"parent":5033,"menu_order":0,"comment_status":"closed","ping_status":"closed","template":"","meta":{"_acf_changed":false,"footnotes":""},"class_list":["post-6020","page","type-page","status-publish","has-post-thumbnail","hentry"],"acf":[],"yoast_head":"<!-- This site is optimized with the Yoast SEO plugin v27.3 - https:\/\/yoast.com\/product\/yoast-seo-wordpress\/ -->\n<title>Financials - New Seed<\/title>\n<meta name=\"description\" content=\"Annual Reports and Financial Reports from Semilla Nueva.\" \/>\n<meta name=\"robots\" content=\"index, follow, max-snippet:-1, max-image-preview:large, max-video-preview:-1\" \/>\n<link rel=\"canonical\" href=\"https:\/\/semillanueva.org\/es\/who-we-are\/financials\/\" \/>\n<meta property=\"og:locale\" content=\"es_ES\" \/>\n<meta property=\"og:type\" content=\"article\" \/>\n<meta property=\"og:title\" content=\"Financials - New Seed\" \/>\n<meta property=\"og:description\" content=\"Annual Reports and Financial Reports from Semilla Nueva.\" \/>\n<meta property=\"og:url\" content=\"https:\/\/semillanueva.org\/es\/who-we-are\/financials\/\" \/>\n<meta property=\"og:site_name\" content=\"New Seed\" \/>\n<meta property=\"article:modified_time\" content=\"2026-02-02T16:12:25+00:00\" \/>\n<meta property=\"og:image\" content=\"https:\/\/semillanueva.org\/wp-content\/uploads\/2024\/11\/SN-5975-1.jpg\" \/>\n\t<meta property=\"og:image:width\" content=\"1496\" \/>\n\t<meta property=\"og:image:height\" content=\"998\" \/>\n\t<meta property=\"og:image:type\" content=\"image\/jpeg\" \/>\n<meta name=\"twitter:card\" content=\"summary_large_image\" \/>\n<meta name=\"twitter:label1\" content=\"Est. reading time\" \/>\n\t<meta name=\"twitter:data1\" content=\"5 minutos\" \/>\n<script type=\"application\/ld+json\" class=\"yoast-schema-graph\">{\"@context\":\"https:\\\/\\\/schema.org\",\"@graph\":[{\"@type\":\"WebPage\",\"@id\":\"https:\\\/\\\/semillanueva.org\\\/who-we-are\\\/financials\\\/\",\"url\":\"https:\\\/\\\/semillanueva.org\\\/who-we-are\\\/financials\\\/\",\"name\":\"Financials - New Seed\",\"isPartOf\":{\"@id\":\"https:\\\/\\\/semillanueva.org\\\/#website\"},\"primaryImageOfPage\":{\"@id\":\"https:\\\/\\\/semillanueva.org\\\/who-we-are\\\/financials\\\/#primaryimage\"},\"image\":{\"@id\":\"https:\\\/\\\/semillanueva.org\\\/who-we-are\\\/financials\\\/#primaryimage\"},\"thumbnailUrl\":\"https:\\\/\\\/semillanueva.org\\\/wp-content\\\/uploads\\\/2024\\\/11\\\/SN-5975-1.jpg\",\"datePublished\":\"2026-01-20T15:46:13+00:00\",\"dateModified\":\"2026-02-02T16:12:25+00:00\",\"description\":\"Annual Reports and Financial Reports from Semilla Nueva.\",\"breadcrumb\":{\"@id\":\"https:\\\/\\\/semillanueva.org\\\/who-we-are\\\/financials\\\/#breadcrumb\"},\"inLanguage\":\"es\",\"potentialAction\":[{\"@type\":\"ReadAction\",\"target\":[\"https:\\\/\\\/semillanueva.org\\\/who-we-are\\\/financials\\\/\"]}]},{\"@type\":\"ImageObject\",\"inLanguage\":\"es\",\"@id\":\"https:\\\/\\\/semillanueva.org\\\/who-we-are\\\/financials\\\/#primaryimage\",\"url\":\"https:\\\/\\\/semillanueva.org\\\/wp-content\\\/uploads\\\/2024\\\/11\\\/SN-5975-1.jpg\",\"contentUrl\":\"https:\\\/\\\/semillanueva.org\\\/wp-content\\\/uploads\\\/2024\\\/11\\\/SN-5975-1.jpg\",\"width\":1496,\"height\":998},{\"@type\":\"BreadcrumbList\",\"@id\":\"https:\\\/\\\/semillanueva.org\\\/who-we-are\\\/financials\\\/#breadcrumb\",\"itemListElement\":[{\"@type\":\"ListItem\",\"position\":1,\"name\":\"Home\",\"item\":\"https:\\\/\\\/semillanueva.org\\\/\"},{\"@type\":\"ListItem\",\"position\":2,\"name\":\"Who We Are\",\"item\":\"https:\\\/\\\/semillanueva.org\\\/who-we-are\\\/\"},{\"@type\":\"ListItem\",\"position\":3,\"name\":\"Financials\"}]},{\"@type\":\"WebSite\",\"@id\":\"https:\\\/\\\/semillanueva.org\\\/#website\",\"url\":\"https:\\\/\\\/semillanueva.org\\\/\",\"name\":\"New Seed\",\"description\":\"New Seed fights malnutrition and poverty with better corn.\",\"potentialAction\":[{\"@type\":\"SearchAction\",\"target\":{\"@type\":\"EntryPoint\",\"urlTemplate\":\"https:\\\/\\\/semillanueva.org\\\/?s={search_term_string}\"},\"query-input\":{\"@type\":\"PropertyValueSpecification\",\"valueRequired\":true,\"valueName\":\"search_term_string\"}}],\"inLanguage\":\"es\"}]}<\/script>\n<!-- \/ Yoast SEO plugin. -->","yoast_head_json":{"title":"Finanzas - Nueva semilla","description":"Informes anuales e informes financieros de Semilla Nueva.","robots":{"index":"index","follow":"follow","max-snippet":"max-snippet:-1","max-image-preview":"max-image-preview:large","max-video-preview":"max-video-preview:-1"},"canonical":"https:\/\/semillanueva.org\/es\/who-we-are\/financials\/","og_locale":"es_ES","og_type":"article","og_title":"Financials - New Seed","og_description":"Annual Reports and Financial Reports from Semilla Nueva.","og_url":"https:\/\/semillanueva.org\/es\/who-we-are\/financials\/","og_site_name":"New Seed","article_modified_time":"2026-02-02T16:12:25+00:00","og_image":[{"width":1496,"height":998,"url":"https:\/\/semillanueva.org\/wp-content\/uploads\/2024\/11\/SN-5975-1.jpg","type":"image\/jpeg"}],"twitter_card":"summary_large_image","twitter_misc":{"Est. reading time":"5 minutos"},"schema":{"@context":"https:\/\/schema.org","@graph":[{"@type":"WebPage","@id":"https:\/\/semillanueva.org\/who-we-are\/financials\/","url":"https:\/\/semillanueva.org\/who-we-are\/financials\/","name":"Finanzas - Nueva semilla","isPartOf":{"@id":"https:\/\/semillanueva.org\/#website"},"primaryImageOfPage":{"@id":"https:\/\/semillanueva.org\/who-we-are\/financials\/#primaryimage"},"image":{"@id":"https:\/\/semillanueva.org\/who-we-are\/financials\/#primaryimage"},"thumbnailUrl":"https:\/\/semillanueva.org\/wp-content\/uploads\/2024\/11\/SN-5975-1.jpg","datePublished":"2026-01-20T15:46:13+00:00","dateModified":"2026-02-02T16:12:25+00:00","description":"Informes anuales e informes financieros de Semilla Nueva.","breadcrumb":{"@id":"https:\/\/semillanueva.org\/who-we-are\/financials\/#breadcrumb"},"inLanguage":"es","potentialAction":[{"@type":"ReadAction","target":["https:\/\/semillanueva.org\/who-we-are\/financials\/"]}]},{"@type":"ImageObject","inLanguage":"es","@id":"https:\/\/semillanueva.org\/who-we-are\/financials\/#primaryimage","url":"https:\/\/semillanueva.org\/wp-content\/uploads\/2024\/11\/SN-5975-1.jpg","contentUrl":"https:\/\/semillanueva.org\/wp-content\/uploads\/2024\/11\/SN-5975-1.jpg","width":1496,"height":998},{"@type":"BreadcrumbList","@id":"https:\/\/semillanueva.org\/who-we-are\/financials\/#breadcrumb","itemListElement":[{"@type":"ListItem","position":1,"name":"Home","item":"https:\/\/semillanueva.org\/"},{"@type":"ListItem","position":2,"name":"Who We Are","item":"https:\/\/semillanueva.org\/who-we-are\/"},{"@type":"ListItem","position":3,"name":"Financials"}]},{"@type":"WebSite","@id":"https:\/\/semillanueva.org\/#website","url":"https:\/\/semillanueva.org\/","name":"Semilla nueva","description":"New Seed combate la desnutrici\u00f3n y la pobreza con un ma\u00edz mejorado.","potentialAction":[{"@type":"SearchAction","target":{"@type":"EntryPoint","urlTemplate":"https:\/\/semillanueva.org\/?s={search_term_string}"},"query-input":{"@type":"PropertyValueSpecification","valueRequired":true,"valueName":"search_term_string"}}],"inLanguage":"es"}]}},"_links":{"self":[{"href":"http:\/\/semillanueva.org\/es\/wp-json\/wp\/v2\/pages\/6020","targetHints":{"allow":["GET"]}}],"collection":[{"href":"http:\/\/semillanueva.org\/es\/wp-json\/wp\/v2\/pages"}],"about":[{"href":"http:\/\/semillanueva.org\/es\/wp-json\/wp\/v2\/types\/page"}],"author":[{"embeddable":true,"href":"http:\/\/semillanueva.org\/es\/wp-json\/wp\/v2\/users\/4"}],"replies":[{"embeddable":true,"href":"http:\/\/semillanueva.org\/es\/wp-json\/wp\/v2\/comments?post=6020"}],"version-history":[{"count":0,"href":"http:\/\/semillanueva.org\/es\/wp-json\/wp\/v2\/pages\/6020\/revisions"}],"up":[{"embeddable":true,"href":"http:\/\/semillanueva.org\/es\/wp-json\/wp\/v2\/pages\/5033"}],"wp:featuredmedia":[{"embeddable":true,"href":"http:\/\/semillanueva.org\/es\/wp-json\/wp\/v2\/media\/5156"}],"wp:attachment":[{"href":"http:\/\/semillanueva.org\/es\/wp-json\/wp\/v2\/media?parent=6020"}],"curies":[{"name":"wp","href":"https:\/\/api.w.org\/{rel}","templated":true}]}}